{"id":161,"date":"2020-02-21T11:21:12","date_gmt":"2020-02-21T10:21:12","guid":{"rendered":"https:\/\/magdeburg-in-light.de\/?page_id=161"},"modified":"2020-02-21T11:22:46","modified_gmt":"2020-02-21T10:22:46","slug":"digital-creativity","status":"publish","type":"page","link":"https:\/\/magdeburg-in-light.de\/en\/digital-creativity\/","title":{"rendered":"Digital Creativity"},"content":{"rendered":"<p>[et_pb_section fb_built=&#8220;1&#8243; admin_label=&#8220;Page Title Section&#8220; _builder_version=&#8220;4.3.2&#8243; use_background_color_gradient=&#8220;on&#8220; background_color_gradient_start=&#8220;#000000&#8243; background_color_gradient_end=&#8220;rgba(0,0,0,0)&#8220; background_color_gradient_direction=&#8220;120deg&#8220; background_color_gradient_overlays_image=&#8220;on&#8220; background_image=&#8220;https:\/\/magdeburg-in-light.de\/wp-content\/uploads\/2020\/02\/augmented-reality-produkte-marketing-AR-Buddy.jpg&#8220; parallax=&#8220;on&#8220; custom_padding=&#8220;||||false|false&#8220; top_divider_color=&#8220;rgba(0,0,0,0)&#8220; hover_enabled=&#8220;0&#8243;][et_pb_row column_structure=&#8220;1_2,1_2&#8243; admin_label=&#8220;Page Title Area&#8220; _builder_version=&#8220;3.25&#8243; background_size=&#8220;initial&#8220; background_position=&#8220;top_left&#8220; background_repeat=&#8220;repeat&#8220;][et_pb_column type=&#8220;1_2&#8243; _builder_version=&#8220;3.25&#8243; custom_padding=&#8220;|||&#8220; custom_padding__hover=&#8220;|||&#8220;][et_pb_text admin_label=&#8220;Title&#8220; _builder_version=&#8220;3.27.4&#8243; text_font=&#8220;||||||||&#8220; header_font=&#8220;Poppins|600|||||||&#8220; header_font_size=&#8220;60px&#8220; header_line_height=&#8220;1.2em&#8220; header_2_font=&#8220;||||||||&#8220; background_color=&#8220;rgba(5,5,5,0.73)&#8220; background_layout=&#8220;dark&#8220; custom_margin=&#8220;|||&#8220; custom_padding=&#8220;|||10px&#8220; animation_style=&#8220;fade&#8220; header_font_size_tablet=&#8220;&#8220; header_font_size_phone=&#8220;40px&#8220; header_font_size_last_edited=&#8220;on|phone&#8220;]<\/p>\n<h1>Digital Creativity F\u00f6rderung<\/h1>\n<p>[\/et_pb_text][et_pb_text admin_label=&#8220;Page Subtitle&#8220; _builder_version=&#8220;3.27.4&#8243; text_font=&#8220;Poppins||||||||&#8220; text_font_size=&#8220;18px&#8220; text_line_height=&#8220;1.8em&#8220; header_font=&#8220;||||||||&#8220; header_text_color=&#8220;#000000&#8243; background_color=&#8220;rgba(5,5,5,0.73)&#8220; background_layout=&#8220;dark&#8220; custom_padding=&#8220;|10px||10px&#8220; animation_style=&#8220;fade&#8220; header_text_shadow_style=&#8220;preset3&#8243;]<\/p>\n<p>Link <a href=\"https:\/\/www.ib-sachsen-anhalt.de\/firmenkunden\/forschen-entwickeln\/sachsen-anhalt-digital.html\">Sachsen-Anhalt DIGITAL<\/a><br \/>VISUALIMPRESSION (Stefan Haberkorn) wird durch die F\u00f6rderung von Projekten zur Gestaltung des digitalen Wandels in Sachsen-Anhalt unterst\u00fctzt. Ich danke daf\u00fcr sowohl den Steuerzahlern, als auch der Landesregierung f\u00fcr diese Unterst\u00fctzung und das damit verbundene Vertrauen. Ich glauben an den Standort Sachsen-Anhalt und st\u00e4rke aktiv die Entwicklung innovativer digitaler Produkte. Zugleich arbeite ich darauf hin neue Arbeitspl\u00e4tze zu schaffen, um junge Menschen zu inspirieren mit mir zusammen in der Region aktiv zu werden.<\/p>\n<p>[\/et_pb_text][\/et_pb_column][et_pb_column type=&#8220;1_2&#8243; _builder_version=&#8220;3.25&#8243; custom_padding=&#8220;|||&#8220; custom_padding__hover=&#8220;|||&#8220;][\/et_pb_column][\/et_pb_row][\/et_pb_section][et_pb_section fb_built=&#8220;1&#8243; admin_label=&#8220;About Us Section&#8220; _builder_version=&#8220;3.22&#8243; background_color=&#8220;#1d2528&#8243; custom_padding=&#8220;56px||58px||false|false&#8220;][et_pb_row admin_label=&#8220;About Us Area&#8220; _builder_version=&#8220;3.25&#8243;][et_pb_column type=&#8220;4_4&#8243; _builder_version=&#8220;3.25&#8243; custom_padding=&#8220;|||&#8220; custom_padding__hover=&#8220;|||&#8220;][et_pb_text admin_label=&#8220;Title&#8220; _builder_version=&#8220;4.3.2&#8243; text_font=&#8220;||||||||&#8220; header_font=&#8220;||||||||&#8220; header_text_color=&#8220;#ffffff&#8220; header_2_font=&#8220;Poppins|600|||||||&#8220; header_2_text_align=&#8220;center&#8220; header_2_text_color=&#8220;#ffffff&#8220; header_2_font_size=&#8220;36px&#8220; header_2_line_height=&#8220;1.2em&#8220; max_width=&#8220;525px&#8220; module_alignment=&#8220;center&#8220; custom_margin=&#8220;||0px|&#8220; animation_style=&#8220;fade&#8220; hover_enabled=&#8220;0&#8243;]<\/p>\n<h2>Das Magdeburg in Light Festival und Event<\/h2>\n<p>[\/et_pb_text][et_pb_text _builder_version=&#8220;4.3.2&#8243; text_font=&#8220;Poppins||||||||&#8220; text_font_size=&#8220;18px&#8220; text_line_height=&#8220;1.8em&#8220; text_orientation=&#8220;center&#8220; max_width=&#8220;750px&#8220; module_alignment=&#8220;center&#8220; custom_margin=&#8220;|||&#8220; custom_padding=&#8220;|||&#8220; animation_style=&#8220;fade&#8220; hover_enabled=&#8220;0&#8243;]<\/p>\n<p>Zielsetzung des Projektes: Das \u201eMagdeburg in Light Festival\u201c soll in eine internationale Sichtbarkeit gebracht werden. St\u00e4dte wie Berlin und Leipzig zeigen, dass es m\u00f6glich ist. Vergangene kleine Videoprojekte zeigen, dass eine rege Nachfrage vorhanden ist und das beschriebene Beamer Festival in Magdeburg fehlt. Wir wollen ein fortlaufendes Eventformat entwickeln, welches j\u00e4hrlich immer unterschiedliche Beamer Projektionen den Besuchern pr\u00e4sentiert. Perspektivisch ist auch die Einladung von internationalen Mapping K\u00fcnstlern angedacht. Unser Event wird kleiner sein als z.B. \u201eBerlin leuchtet\u201c, jedoch als Leuchtturmprojekt Magdeburg in eine deutschlandweite Sichtbarkeit bringen und ein Magnet f\u00fcr Kulturfreunde sein.<\/p>\n<p>Das \u201eMagdeburg In Light Festival\u201c soll ein nachhaltiges und fortlaufendes Medienevent f\u00fcr die Stadt Magdeburg und ein Leuchtturm f\u00fcr Sachsen-Anhalt werden.<\/p>\n<p>Was ist \u201eMagdeburg In Light\u201c?<\/p>\n<p>\u201eMagdeburg in Light\u201c ist das erste, fortlaufende Video-Beamer-Licht-Event in Magdeburg. Sie kennen vielleicht schon \u201eBerlin leuchtet\u201c mit beeindruckenden bewegten Beamerinstallationen z.B. auf das Brandenburger Tor. Wir waren auch in Magdeburg sehr aktiv z.B. bei der technischen und inhaltlichen 3D Umsetzung der Theater Video Projektion \u201eAlles nur Fassade\u201c auf die Ratswaage am 2. Oktober 2019. Au\u00dferdem haben wir eine \u201eBeamer Projektion\u201c auf das Rathaus beim Europafest 2014 und beim \u201eLa Notte \u2013 zu neuen Ufern\u201c Puppentheater Festival auf die Denkfabrik im Wissenschaftshafen 2011 realisiert.<\/p>\n<p>[\/et_pb_text][\/et_pb_column][\/et_pb_row][et_pb_row _builder_version=&#8220;3.25&#8243;][et_pb_column type=&#8220;4_4&#8243; _builder_version=&#8220;3.25&#8243; custom_padding=&#8220;|||&#8220; custom_padding__hover=&#8220;|||&#8220;][et_pb_image src=&#8220;https:\/\/magdeburg-in-light.de\/wp-content\/uploads\/2020\/02\/dom_magdeburg-inlight_mapping04b-scaled.jpg&#8220; align_tablet=&#8220;center&#8220; align_phone=&#8220;&#8220; align_last_edited=&#8220;on|desktop&#8220; _builder_version=&#8220;4.3.2&#8243; hover_enabled=&#8220;0&#8243;][\/et_pb_image][\/et_pb_column][\/et_pb_row][et_pb_row _builder_version=&#8220;3.25&#8243;][et_pb_column type=&#8220;4_4&#8243; _builder_version=&#8220;3.25&#8243; custom_padding=&#8220;|||&#8220; custom_padding__hover=&#8220;|||&#8220;][et_pb_image src=&#8220;https:\/\/magdeburg-in-light.de\/wp-content\/uploads\/2020\/02\/Land-neu.jpeg&#8220; align=&#8220;center&#8220; align_tablet=&#8220;center&#8220; align_phone=&#8220;&#8220; align_last_edited=&#8220;on|desktop&#8220; _builder_version=&#8220;3.23&#8243;][\/et_pb_image][\/et_pb_column][\/et_pb_row][\/et_pb_section][et_pb_section fb_built=&#8220;1&#8243; _builder_version=&#8220;3.22&#8243; background_color=&#8220;#1d2528&#8243; custom_padding=&#8220;0|0px|0|0px|false|false&#8220;][et_pb_row _builder_version=&#8220;3.25&#8243;][et_pb_column type=&#8220;4_4&#8243; _builder_version=&#8220;3.25&#8243; custom_padding=&#8220;|||&#8220; custom_padding__hover=&#8220;|||&#8220;][et_pb_social_media_follow _builder_version=&#8220;3.19.18&#8243; text_orientation=&#8220;center&#8220;][et_pb_social_media_follow_network social_network=&#8220;facebook&#8220; url=&#8220;https:\/\/www.facebook.com\/VisualimpressionMD&#8220; _builder_version=&#8220;3.19.18&#8243; background_color=&#8220;#3b5998&#8243; follow_button=&#8220;off&#8220; url_new_window=&#8220;on&#8220;]facebook[\/et_pb_social_media_follow_network][et_pb_social_media_follow_network social_network=&#8220;twitter&#8220; url=&#8220;https:\/\/twitter.com\/vi_3d&#8220; _builder_version=&#8220;3.19.18&#8243; background_color=&#8220;#00aced&#8220; follow_button=&#8220;off&#8220; url_new_window=&#8220;on&#8220;]twitter[\/et_pb_social_media_follow_network][et_pb_social_media_follow_network social_network=&#8220;instagram&#8220; url=&#8220;https:\/\/www.instagram.com\/stefan.haberkorn\/&#8220; _builder_version=&#8220;3.19.18&#8243; background_color=&#8220;#ea2c59&#8243; follow_button=&#8220;off&#8220; url_new_window=&#8220;on&#8220;]instagram[\/et_pb_social_media_follow_network][et_pb_social_media_follow_network social_network=&#8220;linkedin&#8220; url=&#8220;https:\/\/de.linkedin.com\/pub\/stefan-haberkorn-3d-vfx-animation\/39\/216\/317&#8243; _builder_version=&#8220;3.19.18&#8243; background_color=&#8220;#007bb6&#8243; follow_button=&#8220;off&#8220; url_new_window=&#8220;on&#8220;]linkedin[\/et_pb_social_media_follow_network][et_pb_social_media_follow_network social_network=&#8220;vimeo&#8220; url=&#8220;https:\/\/vimeo.com\/user19698519&#8243; _builder_version=&#8220;3.19.18&#8243; background_color=&#8220;#45bbff&#8220; follow_button=&#8220;off&#8220; url_new_window=&#8220;on&#8220;]vimeo[\/et_pb_social_media_follow_network][et_pb_social_media_follow_network social_network=&#8220;youtube&#8220; url=&#8220;https:\/\/www.youtube.com\/channel\/UC1n2Ds4LCDhXuNHobh21fDg&#8220; _builder_version=&#8220;3.19.18&#8243; background_color=&#8220;#a82400&#8243; follow_button=&#8220;off&#8220; url_new_window=&#8220;on&#8220;]youtube[\/et_pb_social_media_follow_network][\/et_pb_social_media_follow][\/et_pb_column][\/et_pb_row][\/et_pb_section]<\/p>\n","protected":false},"excerpt":{"rendered":"<p>Digital Creativity F\u00f6rderungLink Sachsen-Anhalt DIGITALVISUALIMPRESSION (Stefan Haberkorn) wird durch die F\u00f6rderung von Projekten zur Gestaltung des digitalen Wandels in Sachsen-Anhalt unterst\u00fctzt. Ich danke daf\u00fcr sowohl den Steuerzahlern, als auch der Landesregierung f\u00fcr diese Unterst\u00fctzung und das damit verbundene Vertrauen. Ich glauben an den Standort Sachsen-Anhalt und st\u00e4rke aktiv die Entwicklung innovativer digitaler Produkte. Zugleich arbeite [&hellip;]<\/p>\n","protected":false},"author":1,"featured_media":0,"parent":0,"menu_order":0,"comment_status":"closed","ping_status":"closed","template":"","meta":{"_et_pb_use_builder":"on","_et_pb_old_content":"","_et_gb_content_width":"","footnotes":""},"class_list":["post-161","page","type-page","status-publish","hentry"],"yoast_head":"<!-- This site is optimized with the Yoast SEO plugin v27.4 - https:\/\/yoast.com\/product\/yoast-seo-wordpress\/ -->\n<title>Digital Creativity - Magdeburg in Light<\/title>\n<meta name=\"robots\" content=\"index, follow, max-snippet:-1, max-image-preview:large, max-video-preview:-1\" \/>\n<link rel=\"canonical\" href=\"http:\/\/magdeburg-in-light.de\/en\/digital-creativity\/\" \/>\n<meta property=\"og:locale\" content=\"en_US\" \/>\n<meta property=\"og:type\" content=\"article\" \/>\n<meta property=\"og:title\" content=\"Digital Creativity - Magdeburg in Light\" \/>\n<meta property=\"og:description\" content=\"Digital Creativity F\u00f6rderungLink Sachsen-Anhalt DIGITALVISUALIMPRESSION (Stefan Haberkorn) wird durch die F\u00f6rderung von Projekten zur Gestaltung des digitalen Wandels in Sachsen-Anhalt unterst\u00fctzt. Ich danke daf\u00fcr sowohl den Steuerzahlern, als auch der Landesregierung f\u00fcr diese Unterst\u00fctzung und das damit verbundene Vertrauen. Ich glauben an den Standort Sachsen-Anhalt und st\u00e4rke aktiv die Entwicklung innovativer digitaler Produkte. Zugleich arbeite [&hellip;]\" \/>\n<meta property=\"og:url\" content=\"http:\/\/magdeburg-in-light.de\/en\/digital-creativity\/\" \/>\n<meta property=\"og:site_name\" content=\"Magdeburg in Light\" \/>\n<meta property=\"article:modified_time\" content=\"2020-02-21T10:22:46+00:00\" \/>\n<meta name=\"twitter:card\" content=\"summary_large_image\" \/>\n<meta name=\"twitter:label1\" content=\"Est. reading time\" \/>\n\t<meta name=\"twitter:data1\" content=\"5 minutes\" \/>\n<script type=\"application\/ld+json\" class=\"yoast-schema-graph\">{\"@context\":\"https:\\\/\\\/schema.org\",\"@graph\":[{\"@type\":\"WebPage\",\"@id\":\"http:\\\/\\\/magdeburg-in-light.de\\\/en\\\/digital-creativity\\\/\",\"url\":\"http:\\\/\\\/magdeburg-in-light.de\\\/en\\\/digital-creativity\\\/\",\"name\":\"Digital Creativity - Magdeburg in Light\",\"isPartOf\":{\"@id\":\"http:\\\/\\\/magdeburg-in-light.de\\\/en\\\/#website\"},\"datePublished\":\"2020-02-21T10:21:12+00:00\",\"dateModified\":\"2020-02-21T10:22:46+00:00\",\"breadcrumb\":{\"@id\":\"http:\\\/\\\/magdeburg-in-light.de\\\/en\\\/digital-creativity\\\/#breadcrumb\"},\"inLanguage\":\"en-US\",\"potentialAction\":[{\"@type\":\"ReadAction\",\"target\":[\"http:\\\/\\\/magdeburg-in-light.de\\\/en\\\/digital-creativity\\\/\"]}]},{\"@type\":\"BreadcrumbList\",\"@id\":\"http:\\\/\\\/magdeburg-in-light.de\\\/en\\\/digital-creativity\\\/#breadcrumb\",\"itemListElement\":[{\"@type\":\"ListItem\",\"position\":1,\"name\":\"Startseite\",\"item\":\"https:\\\/\\\/magdeburg-in-light.de\\\/\"},{\"@type\":\"ListItem\",\"position\":2,\"name\":\"Digital Creativity\"}]},{\"@type\":\"WebSite\",\"@id\":\"http:\\\/\\\/magdeburg-in-light.de\\\/en\\\/#website\",\"url\":\"http:\\\/\\\/magdeburg-in-light.de\\\/en\\\/\",\"name\":\"Magdeburg in Light\",\"description\":\"BeamExtrem das Video Mapping Event in Magdeburg\",\"potentialAction\":[{\"@type\":\"SearchAction\",\"target\":{\"@type\":\"EntryPoint\",\"urlTemplate\":\"http:\\\/\\\/magdeburg-in-light.de\\\/en\\\/?s={search_term_string}\"},\"query-input\":{\"@type\":\"PropertyValueSpecification\",\"valueRequired\":true,\"valueName\":\"search_term_string\"}}],\"inLanguage\":\"en-US\"}]}<\/script>\n<!-- \/ Yoast SEO plugin. -->","yoast_head_json":{"title":"Digital Creativity - Magdeburg in Light","robots":{"index":"index","follow":"follow","max-snippet":"max-snippet:-1","max-image-preview":"max-image-preview:large","max-video-preview":"max-video-preview:-1"},"canonical":"http:\/\/magdeburg-in-light.de\/en\/digital-creativity\/","og_locale":"en_US","og_type":"article","og_title":"Digital Creativity - Magdeburg in Light","og_description":"Digital Creativity F\u00f6rderungLink Sachsen-Anhalt DIGITALVISUALIMPRESSION (Stefan Haberkorn) wird durch die F\u00f6rderung von Projekten zur Gestaltung des digitalen Wandels in Sachsen-Anhalt unterst\u00fctzt. Ich danke daf\u00fcr sowohl den Steuerzahlern, als auch der Landesregierung f\u00fcr diese Unterst\u00fctzung und das damit verbundene Vertrauen. Ich glauben an den Standort Sachsen-Anhalt und st\u00e4rke aktiv die Entwicklung innovativer digitaler Produkte. Zugleich arbeite [&hellip;]","og_url":"http:\/\/magdeburg-in-light.de\/en\/digital-creativity\/","og_site_name":"Magdeburg in Light","article_modified_time":"2020-02-21T10:22:46+00:00","twitter_card":"summary_large_image","twitter_misc":{"Est. reading time":"5 minutes"},"schema":{"@context":"https:\/\/schema.org","@graph":[{"@type":"WebPage","@id":"http:\/\/magdeburg-in-light.de\/en\/digital-creativity\/","url":"http:\/\/magdeburg-in-light.de\/en\/digital-creativity\/","name":"Digital Creativity - Magdeburg in Light","isPartOf":{"@id":"http:\/\/magdeburg-in-light.de\/en\/#website"},"datePublished":"2020-02-21T10:21:12+00:00","dateModified":"2020-02-21T10:22:46+00:00","breadcrumb":{"@id":"http:\/\/magdeburg-in-light.de\/en\/digital-creativity\/#breadcrumb"},"inLanguage":"en-US","potentialAction":[{"@type":"ReadAction","target":["http:\/\/magdeburg-in-light.de\/en\/digital-creativity\/"]}]},{"@type":"BreadcrumbList","@id":"http:\/\/magdeburg-in-light.de\/en\/digital-creativity\/#breadcrumb","itemListElement":[{"@type":"ListItem","position":1,"name":"Startseite","item":"https:\/\/magdeburg-in-light.de\/"},{"@type":"ListItem","position":2,"name":"Digital Creativity"}]},{"@type":"WebSite","@id":"http:\/\/magdeburg-in-light.de\/en\/#website","url":"http:\/\/magdeburg-in-light.de\/en\/","name":"Magdeburg in Light","description":"BeamExtrem das Video Mapping Event in Magdeburg","potentialAction":[{"@type":"SearchAction","target":{"@type":"EntryPoint","urlTemplate":"http:\/\/magdeburg-in-light.de\/en\/?s={search_term_string}"},"query-input":{"@type":"PropertyValueSpecification","valueRequired":true,"valueName":"search_term_string"}}],"inLanguage":"en-US"}]}},"jetpack_sharing_enabled":true,"_links":{"self":[{"href":"https:\/\/magdeburg-in-light.de\/en\/wp-json\/wp\/v2\/pages\/161","targetHints":{"allow":["GET"]}}],"collection":[{"href":"https:\/\/magdeburg-in-light.de\/en\/wp-json\/wp\/v2\/pages"}],"about":[{"href":"https:\/\/magdeburg-in-light.de\/en\/wp-json\/wp\/v2\/types\/page"}],"author":[{"embeddable":true,"href":"https:\/\/magdeburg-in-light.de\/en\/wp-json\/wp\/v2\/users\/1"}],"replies":[{"embeddable":true,"href":"https:\/\/magdeburg-in-light.de\/en\/wp-json\/wp\/v2\/comments?post=161"}],"version-history":[{"count":3,"href":"https:\/\/magdeburg-in-light.de\/en\/wp-json\/wp\/v2\/pages\/161\/revisions"}],"predecessor-version":[{"id":169,"href":"https:\/\/magdeburg-in-light.de\/en\/wp-json\/wp\/v2\/pages\/161\/revisions\/169"}],"wp:attachment":[{"href":"https:\/\/magdeburg-in-light.de\/en\/wp-json\/wp\/v2\/media?parent=161"}],"curies":[{"name":"wp","href":"https:\/\/api.w.org\/{rel}","templated":true}]}}