{"id":241,"date":"2020-02-23T12:56:56","date_gmt":"2020-02-23T11:56:56","guid":{"rendered":"https:\/\/magdeburg-in-light.de\/shop\/"},"modified":"2020-08-24T12:09:19","modified_gmt":"2020-08-24T10:09:19","slug":"shop","status":"publish","type":"page","link":"https:\/\/magdeburg-in-light.de\/en\/shop\/","title":{"rendered":"Shop"},"content":{"rendered":"<p>[et_pb_section fb_built=&#8220;1&#8243; admin_label=&#8220;Page Title Section&#8220; _builder_version=&#8220;4.3.3&#8243; use_background_color_gradient=&#8220;on&#8220; background_color_gradient_start=&#8220;#000000&#8243; background_color_gradient_end=&#8220;rgba(0,0,0,0)&#8220; background_color_gradient_direction=&#8220;120deg&#8220; background_color_gradient_overlays_image=&#8220;on&#8220; background_image=&#8220;https:\/\/magdeburg-in-light.de\/wp-content\/uploads\/2020\/02\/magdeburg-in-light-international.jpg&#8220; parallax=&#8220;on&#8220; custom_padding=&#8220;110px||110px|&#8220;][et_pb_row column_structure=&#8220;1_2,1_2&#8243; admin_label=&#8220;Page Title Area&#8220; _builder_version=&#8220;3.25&#8243; background_size=&#8220;initial&#8220; background_position=&#8220;top_left&#8220; background_repeat=&#8220;repeat&#8220;][et_pb_column type=&#8220;1_2&#8243; _builder_version=&#8220;3.25&#8243; custom_padding=&#8220;|||&#8220; custom_padding__hover=&#8220;|||&#8220;][et_pb_text admin_label=&#8220;Title&#8220; _builder_version=&#8220;4.3.3&#8243; text_font=&#8220;||||||||&#8220; header_font=&#8220;Poppins|600|||||||&#8220; header_font_size=&#8220;60px&#8220; header_line_height=&#8220;1.2em&#8220; header_2_font=&#8220;||||||||&#8220; header_2_font_size=&#8220;60px&#8220; background_color=&#8220;rgba(0,0,0,0.73)&#8220; background_layout=&#8220;dark&#8220; custom_margin=&#8220;|||&#8220; custom_padding=&#8220;|||10px&#8220; animation_style=&#8220;fade&#8220; header_font_size_tablet=&#8220;&#8220; header_font_size_phone=&#8220;40px&#8220; header_font_size_last_edited=&#8220;on|phone&#8220;]<\/p>\n<h1>Shop<\/h1>\n<p>[\/et_pb_text][et_pb_text admin_label=&#8220;Page Subtitle&#8220; _builder_version=&#8220;4.5.7&#8243; text_font=&#8220;Poppins||||||||&#8220; text_font_size=&#8220;18px&#8220; text_line_height=&#8220;1.8em&#8220; header_font=&#8220;||||||||&#8220; background_color=&#8220;rgba(0,0,0,0.73)&#8220; background_layout=&#8220;dark&#8220; custom_padding=&#8220;|10px||10px&#8220; animation_style=&#8220;fade&#8220; hover_enabled=&#8220;0&#8243;]Besuchen Sie unseren Shop und erhalten Sie eine \u00dcbersicht der Produkte und des Sponsering unseres Magdeburg in Light Festivals. Werden Sie ein Unterst\u00fctzer f\u00fcr das einzigartige Beamer Event in unserer sch\u00f6nen Stadt Magdeburg damit das Event j\u00e4hrlich statt finden kann.[\/et_pb_text][\/et_pb_column][et_pb_column type=&#8220;1_2&#8243; _builder_version=&#8220;3.25&#8243; custom_padding=&#8220;|||&#8220; custom_padding__hover=&#8220;|||&#8220;][\/et_pb_column][\/et_pb_row][\/et_pb_section][et_pb_section fb_built=&#8220;1&#8243; _builder_version=&#8220;4.3.3&#8243;][et_pb_row _builder_version=&#8220;4.3.3&#8243;][et_pb_column type=&#8220;4_4&#8243; _builder_version=&#8220;4.3.3&#8243;][et_pb_shop columns_number=&#8220;3&#8243; hover_icon=&#8220;%%151%%&#8220; _builder_version=&#8220;4.3.3&#8243; text_orientation=&#8220;center&#8220; custom_padding=&#8220;||||false|false&#8220; border_radii_image=&#8220;on|10px|10px|10px|10px&#8220;][\/et_pb_shop][\/et_pb_column][\/et_pb_row][\/et_pb_section]<\/p>\n","protected":false},"excerpt":{"rendered":"<p>ShopBesuchen Sie unseren Shop und erhalten Sie eine \u00dcbersicht der Produkte und des Sponsering unseres Magdeburg in Light Festivals. Werden Sie ein Unterst\u00fctzer f\u00fcr das einzigartige Beamer Event in unserer sch\u00f6nen Stadt Magdeburg damit das Event j\u00e4hrlich statt finden kann.<\/p>","protected":false},"author":1,"featured_media":0,"parent":0,"menu_order":0,"comment_status":"closed","ping_status":"closed","template":"","meta":{"_et_pb_use_builder":"on","_et_pb_old_content":"","_et_gb_content_width":"","footnotes":""},"class_list":["post-241","page","type-page","status-publish","hentry"],"yoast_head":"<!-- This site is optimized with the Yoast SEO plugin v27.4 - https:\/\/yoast.com\/product\/yoast-seo-wordpress\/ -->\n<title>Magdeburg in Light - Shop Produkte Beamer Event<\/title>\n<meta name=\"description\" content=\"Besuchen Sie unseren Shop und erhalten Sie eine \u00dcbersicht der Produkte unseres Magdeburg in Light Festivals. Werden Sie ein Partner f\u00fcr das Beamer Event.\" \/>\n<meta name=\"robots\" content=\"index, follow, max-snippet:-1, max-image-preview:large, max-video-preview:-1\" \/>\n<link rel=\"canonical\" href=\"https:\/\/magdeburg-in-light.de\/en\/shop\/\" \/>\n<meta property=\"og:locale\" content=\"en_US\" \/>\n<meta property=\"og:type\" content=\"article\" \/>\n<meta property=\"og:title\" content=\"Magdeburg in Light - Shop Produkte Beamer Event\" \/>\n<meta property=\"og:description\" content=\"Besuchen Sie unseren Shop und erhalten Sie eine \u00dcbersicht der Produkte unseres Magdeburg in Light Festivals. Werden Sie ein Partner f\u00fcr das Beamer Event.\" \/>\n<meta property=\"og:url\" content=\"https:\/\/magdeburg-in-light.de\/en\/shop\/\" \/>\n<meta property=\"og:site_name\" content=\"Magdeburg in Light\" \/>\n<meta property=\"article:modified_time\" content=\"2020-08-24T10:09:19+00:00\" \/>\n<meta name=\"twitter:card\" content=\"summary_large_image\" \/>\n<meta name=\"twitter:label1\" content=\"Est. reading time\" \/>\n\t<meta name=\"twitter:data1\" content=\"2 minutes\" \/>\n<script type=\"application\/ld+json\" class=\"yoast-schema-graph\">{\"@context\":\"https:\\\/\\\/schema.org\",\"@graph\":[{\"@type\":\"WebPage\",\"@id\":\"https:\\\/\\\/magdeburg-in-light.de\\\/shop\\\/\",\"url\":\"https:\\\/\\\/magdeburg-in-light.de\\\/shop\\\/\",\"name\":\"Magdeburg in Light - Shop Produkte Beamer Event\",\"isPartOf\":{\"@id\":\"http:\\\/\\\/magdeburg-in-light.de\\\/en\\\/#website\"},\"datePublished\":\"2020-02-23T11:56:56+00:00\",\"dateModified\":\"2020-08-24T10:09:19+00:00\",\"description\":\"Besuchen Sie unseren Shop und erhalten Sie eine \u00dcbersicht der Produkte unseres Magdeburg in Light Festivals. Werden Sie ein Partner f\u00fcr das Beamer Event.\",\"breadcrumb\":{\"@id\":\"https:\\\/\\\/magdeburg-in-light.de\\\/shop\\\/#breadcrumb\"},\"inLanguage\":\"en-US\",\"potentialAction\":[{\"@type\":\"ReadAction\",\"target\":[\"https:\\\/\\\/magdeburg-in-light.de\\\/shop\\\/\"]}]},{\"@type\":\"BreadcrumbList\",\"@id\":\"https:\\\/\\\/magdeburg-in-light.de\\\/shop\\\/#breadcrumb\",\"itemListElement\":[{\"@type\":\"ListItem\",\"position\":1,\"name\":\"Startseite\",\"item\":\"https:\\\/\\\/magdeburg-in-light.de\\\/\"},{\"@type\":\"ListItem\",\"position\":2,\"name\":\"Shop\"}]},{\"@type\":\"WebSite\",\"@id\":\"http:\\\/\\\/magdeburg-in-light.de\\\/en\\\/#website\",\"url\":\"http:\\\/\\\/magdeburg-in-light.de\\\/en\\\/\",\"name\":\"Magdeburg in Light\",\"description\":\"BeamExtrem das Video Mapping Event in Magdeburg\",\"potentialAction\":[{\"@type\":\"SearchAction\",\"target\":{\"@type\":\"EntryPoint\",\"urlTemplate\":\"http:\\\/\\\/magdeburg-in-light.de\\\/en\\\/?s={search_term_string}\"},\"query-input\":{\"@type\":\"PropertyValueSpecification\",\"valueRequired\":true,\"valueName\":\"search_term_string\"}}],\"inLanguage\":\"en-US\"}]}<\/script>\n<!-- \/ Yoast SEO plugin. -->","yoast_head_json":{"title":"Magdeburg in Light - Shop Produkte Beamer Event","description":"Besuchen Sie unseren Shop und erhalten Sie eine \u00dcbersicht der Produkte unseres Magdeburg in Light Festivals. Werden Sie ein Partner f\u00fcr das Beamer Event.","robots":{"index":"index","follow":"follow","max-snippet":"max-snippet:-1","max-image-preview":"max-image-preview:large","max-video-preview":"max-video-preview:-1"},"canonical":"https:\/\/magdeburg-in-light.de\/en\/shop\/","og_locale":"en_US","og_type":"article","og_title":"Magdeburg in Light - Shop Produkte Beamer Event","og_description":"Besuchen Sie unseren Shop und erhalten Sie eine \u00dcbersicht der Produkte unseres Magdeburg in Light Festivals. Werden Sie ein Partner f\u00fcr das Beamer Event.","og_url":"https:\/\/magdeburg-in-light.de\/en\/shop\/","og_site_name":"Magdeburg in Light","article_modified_time":"2020-08-24T10:09:19+00:00","twitter_card":"summary_large_image","twitter_misc":{"Est. reading time":"2 minutes"},"schema":{"@context":"https:\/\/schema.org","@graph":[{"@type":"WebPage","@id":"https:\/\/magdeburg-in-light.de\/shop\/","url":"https:\/\/magdeburg-in-light.de\/shop\/","name":"Magdeburg in Light - Shop Produkte Beamer Event","isPartOf":{"@id":"http:\/\/magdeburg-in-light.de\/en\/#website"},"datePublished":"2020-02-23T11:56:56+00:00","dateModified":"2020-08-24T10:09:19+00:00","description":"Besuchen Sie unseren Shop und erhalten Sie eine \u00dcbersicht der Produkte unseres Magdeburg in Light Festivals. Werden Sie ein Partner f\u00fcr das Beamer Event.","breadcrumb":{"@id":"https:\/\/magdeburg-in-light.de\/shop\/#breadcrumb"},"inLanguage":"en-US","potentialAction":[{"@type":"ReadAction","target":["https:\/\/magdeburg-in-light.de\/shop\/"]}]},{"@type":"BreadcrumbList","@id":"https:\/\/magdeburg-in-light.de\/shop\/#breadcrumb","itemListElement":[{"@type":"ListItem","position":1,"name":"Startseite","item":"https:\/\/magdeburg-in-light.de\/"},{"@type":"ListItem","position":2,"name":"Shop"}]},{"@type":"WebSite","@id":"http:\/\/magdeburg-in-light.de\/en\/#website","url":"http:\/\/magdeburg-in-light.de\/en\/","name":"Magdeburg in Light","description":"BeamExtrem das Video Mapping Event in Magdeburg","potentialAction":[{"@type":"SearchAction","target":{"@type":"EntryPoint","urlTemplate":"http:\/\/magdeburg-in-light.de\/en\/?s={search_term_string}"},"query-input":{"@type":"PropertyValueSpecification","valueRequired":true,"valueName":"search_term_string"}}],"inLanguage":"en-US"}]}},"jetpack_sharing_enabled":true,"_links":{"self":[{"href":"https:\/\/magdeburg-in-light.de\/en\/wp-json\/wp\/v2\/pages\/241","targetHints":{"allow":["GET"]}}],"collection":[{"href":"https:\/\/magdeburg-in-light.de\/en\/wp-json\/wp\/v2\/pages"}],"about":[{"href":"https:\/\/magdeburg-in-light.de\/en\/wp-json\/wp\/v2\/types\/page"}],"author":[{"embeddable":true,"href":"https:\/\/magdeburg-in-light.de\/en\/wp-json\/wp\/v2\/users\/1"}],"replies":[{"embeddable":true,"href":"https:\/\/magdeburg-in-light.de\/en\/wp-json\/wp\/v2\/comments?post=241"}],"version-history":[{"count":9,"href":"https:\/\/magdeburg-in-light.de\/en\/wp-json\/wp\/v2\/pages\/241\/revisions"}],"predecessor-version":[{"id":365,"href":"https:\/\/magdeburg-in-light.de\/en\/wp-json\/wp\/v2\/pages\/241\/revisions\/365"}],"wp:attachment":[{"href":"https:\/\/magdeburg-in-light.de\/en\/wp-json\/wp\/v2\/media?parent=241"}],"curies":[{"name":"wp","href":"https:\/\/api.w.org\/{rel}","templated":true}]}}