{"id":413,"date":"2020-09-27T13:27:49","date_gmt":"2020-09-27T11:27:49","guid":{"rendered":"https:\/\/magdeburg-in-light.de\/?page_id=413"},"modified":"2020-10-02T10:32:31","modified_gmt":"2020-10-02T08:32:31","slug":"streaming","status":"publish","type":"page","link":"https:\/\/magdeburg-in-light.de\/en\/streaming\/","title":{"rendered":"Streaming"},"content":{"rendered":"<p>[et_pb_section fb_built=&#8220;1&#8243; admin_label=&#8220;Page Title Section&#8220; _builder_version=&#8220;4.6.5&#8243; use_background_color_gradient=&#8220;on&#8220; background_color_gradient_start=&#8220;#000000&#8243; background_color_gradient_end=&#8220;rgba(0,0,0,0)&#8220; background_color_gradient_direction=&#8220;120deg&#8220; background_color_gradient_overlays_image=&#8220;on&#8220; background_image=&#8220;https:\/\/magdeburg-in-light.de\/wp-content\/uploads\/2020\/02\/magdeburg-in-light-virtual-reality-streaming.jpg&#8220; parallax=&#8220;on&#8220; custom_padding=&#8220;||||false|false&#8220; top_divider_color=&#8220;rgba(0,0,0,0)&#8220;][et_pb_row column_structure=&#8220;1_2,1_2&#8243; admin_label=&#8220;Page Title Area&#8220; _builder_version=&#8220;3.25&#8243; background_size=&#8220;initial&#8220; background_position=&#8220;top_left&#8220; background_repeat=&#8220;repeat&#8220;][et_pb_column type=&#8220;1_2&#8243; _builder_version=&#8220;3.25&#8243; custom_padding=&#8220;|||&#8220; custom_padding__hover=&#8220;|||&#8220;][et_pb_text admin_label=&#8220;Title&#8220; _builder_version=&#8220;3.27.4&#8243; text_font=&#8220;||||||||&#8220; header_font=&#8220;Poppins|600|||||||&#8220; header_font_size=&#8220;60px&#8220; header_line_height=&#8220;1.2em&#8220; header_2_font=&#8220;||||||||&#8220; background_color=&#8220;rgba(5,5,5,0.73)&#8220; background_layout=&#8220;dark&#8220; custom_margin=&#8220;|||&#8220; custom_padding=&#8220;|||10px&#8220; animation_style=&#8220;fade&#8220; header_font_size_tablet=&#8220;&#8220; header_font_size_phone=&#8220;40px&#8220; header_font_size_last_edited=&#8220;on|phone&#8220;]<\/p>\n<h1>Streaming<\/h1>\n<p>[\/et_pb_text][et_pb_text admin_label=&#8220;Page Subtitle&#8220; _builder_version=&#8220;4.6.5&#8243; text_font=&#8220;Poppins||||||||&#8220; text_font_size=&#8220;18px&#8220; text_line_height=&#8220;1.8em&#8220; header_font=&#8220;||||||||&#8220; header_text_color=&#8220;#000000&#8243; background_color=&#8220;rgba(5,5,5,0.73)&#8220; background_layout=&#8220;dark&#8220; custom_padding=&#8220;|10px||10px&#8220; animation_style=&#8220;fade&#8220; header_text_shadow_style=&#8220;preset3&#8243;]<\/p>\n<p>Live Streaming f\u00fcr das Magdeburg in Light Event 2020. Da viele Besucher ihren anstehenden Besuch in die Landeshauptstadt Magdeburg verschieben mussten und wegen Corona auch nur eine begrenzte Anzahl von Besuchern vom Ordnungsamt zugelassen sind, sind wir kreativ geworden<\/p>\n<p>Obwohl die meisten von uns die Zeit drinnen und isoliert verbringen m\u00fcssen, werden neue Wege gefunden, um Menschen weiterhin zusammenzubringen. Wir nutzen Livestreams, um mit unseren Fans in Verbindung zu bleiben und ein Gemeinschaftsgef\u00fchl zu erzeugen.<\/p>\n<p>[\/et_pb_text][\/et_pb_column][et_pb_column type=&#8220;1_2&#8243; _builder_version=&#8220;3.25&#8243; custom_padding=&#8220;|||&#8220; custom_padding__hover=&#8220;|||&#8220;][\/et_pb_column][\/et_pb_row][\/et_pb_section][et_pb_section fb_built=&#8220;1&#8243; admin_label=&#8220;About Us Section&#8220; _builder_version=&#8220;3.22&#8243; background_color=&#8220;#1d2528&#8243; custom_padding=&#8220;56px||58px||false|false&#8220;][et_pb_row admin_label=&#8220;About Us Area&#8220; _builder_version=&#8220;3.25&#8243;][et_pb_column type=&#8220;4_4&#8243; _builder_version=&#8220;3.25&#8243; custom_padding=&#8220;|||&#8220; custom_padding__hover=&#8220;|||&#8220;][et_pb_text admin_label=&#8220;Title&#8220; _builder_version=&#8220;4.6.5&#8243; text_font=&#8220;||||||||&#8220; header_font=&#8220;||||||||&#8220; header_text_color=&#8220;#ffffff&#8220; header_2_font=&#8220;Poppins|600|||||||&#8220; header_2_text_align=&#8220;center&#8220; header_2_text_color=&#8220;#ffffff&#8220; header_2_font_size=&#8220;36px&#8220; header_2_line_height=&#8220;1.2em&#8220; max_width=&#8220;525px&#8220; module_alignment=&#8220;center&#8220; custom_margin=&#8220;||0px|&#8220; animation_style=&#8220;fade&#8220; hover_enabled=&#8220;0&#8243; sticky_enabled=&#8220;0&#8243;]<\/p>\n<h2>Livestreaming f\u00fcr das &#8222;Magdeburg in Light&#8220; Festival<\/h2>\n<p>[\/et_pb_text][et_pb_text _builder_version=&#8220;4.6.5&#8243; text_font=&#8220;Poppins||||||||&#8220; text_font_size=&#8220;18px&#8220; text_line_height=&#8220;1.8em&#8220; text_orientation=&#8220;center&#8220; max_width=&#8220;750px&#8220; module_alignment=&#8220;center&#8220; custom_margin=&#8220;|||&#8220; custom_padding=&#8220;|||&#8220; animation_style=&#8220;fade&#8220;]<\/p>\n<p>Wir sind barrierefrei, unpolitisch und weltoffen. Es kommt inhaltlich keine gesprochene Sprache zum Einsatz. Unsere Sprache ist universell, international weil sie rein k\u00fcnstlerisch, bildlich und musikalisch ist. <\/p>\n<p>Das Event wird via Live Streaming auf der Webseite und in den Sozialen Medien geteilt. Unten findest du eine Auswahl solcher Livestreams. Die Liste wird aktualisiert, sobald weitere bekannt gegeben werden. Viel Spa\u00df!<\/p>\n<p>[\/et_pb_text][\/et_pb_column][\/et_pb_row][\/et_pb_section][et_pb_section fb_built=&#8220;1&#8243; fullwidth=&#8220;on&#8220; _builder_version=&#8220;4.6.5&#8243; _module_preset=&#8220;default&#8220;][et_pb_fullwidth_code _builder_version=&#8220;4.6.5&#8243; _module_preset=&#8220;default&#8220;]<iframe loading=\"lazy\" width=\"560\" height=\"315\" src=\"https:\/\/www.youtube.com\/embed\/rNzVkRxzGUM\" frameborder=\"0\" allow=\"accelerometer; autoplay; clipboard-write; encrypted-media; gyroscope; picture-in-picture\" allowfullscreen><\/iframe>[\/et_pb_fullwidth_code][\/et_pb_section][et_pb_section fb_built=&#8220;1&#8243; _builder_version=&#8220;4.6.5&#8243; _module_preset=&#8220;default&#8220; custom_padding=&#8220;0px||0px|||&#8220;][et_pb_row column_structure=&#8220;1_2,1_2&#8243; use_custom_gutter=&#8220;on&#8220; gutter_width=&#8220;0&#8243; make_equal=&#8220;on&#8220; admin_label=&#8220;Our Story Area&#8220; module_class=&#8220; et_pb_row_fullwidth&#8220; _builder_version=&#8220;4.6.5&#8243; background_color=&#8220;#0d1416&#8243; width=&#8220;100%&#8220; width_tablet=&#8220;100%&#8220; width_phone=&#8220;&#8220; width_last_edited=&#8220;on|desktop&#8220; max_width=&#8220;100%&#8220; max_width_tablet=&#8220;100%&#8220; max_width_phone=&#8220;&#8220; max_width_last_edited=&#8220;on|desktop&#8220; custom_padding=&#8220;||||false|false&#8220; make_fullwidth=&#8220;on&#8220;][et_pb_column type=&#8220;1_2&#8243; _builder_version=&#8220;3.25&#8243; custom_padding=&#8220;5%|5%|5%|5%&#8220; custom_padding__hover=&#8220;|||&#8220;][et_pb_text admin_label=&#8220;Title&#8220; module_id=&#8220;fassaden-rekonstruktion&#8220; _builder_version=&#8220;4.6.5&#8243; text_font=&#8220;||||||||&#8220; header_font=&#8220;||||||||&#8220; header_2_font=&#8220;Poppins|600|||||||&#8220; header_2_font_size=&#8220;36px&#8220; header_2_line_height=&#8220;1.2em&#8220; background_layout=&#8220;dark&#8220; max_width=&#8220;750px&#8220; animation_style=&#8220;fold&#8220; animation_direction=&#8220;left&#8220; animation_intensity_fold=&#8220;10%&#8220; animation_starting_opacity=&#8220;100%&#8220;]<\/p>\n<h2>Live Streaming vom 27.09.2020<\/h2>\n<h3>Mit Beamer-Licht auf das Westportal\/Turmseite Magdeburger Dom<\/h3>\n<p>[\/et_pb_text][et_pb_text _builder_version=&#8220;4.6.5&#8243; text_font=&#8220;Poppins||||||||&#8220; text_text_color=&#8220;rgba(255,255,255,0.7)&#8220; text_font_size=&#8220;16px&#8220; text_line_height=&#8220;1.8em&#8220; max_width=&#8220;750px&#8220; custom_margin=&#8220;25px|||&#8220; animation_style=&#8220;fold&#8220; animation_direction=&#8220;left&#8220; animation_intensity_fold=&#8220;10%&#8220; animation_starting_opacity=&#8220;100%&#8220;]Das Magdeburg in Light Festival wird neben der Vorf\u00fchrung auf den Magdeburger Dom auch barrierefrei via Live Streaming \u00fcbertragen.<\/p>\n<p>Hier sehen Sie einen Mitschnitt der  Premiere von Magdeburg in Light dem ersten Beamer Mapping Festival in Sachsen-Anhalt auf den Magdeburger Dom. Susi Brandt vom MDR moderiert Interviews und f\u00fchrt Gespr\u00e4che kurz vor dem Beginn der au\u00dfergew\u00f6hnlichen Lichtshow.<\/p>\n<p>Genie\u00dfen Sie die Vorf\u00fchrung auf das Westportal des Magdeburger Doms mit 9 x 15000 lumen Beamer Licht.[\/et_pb_text][\/et_pb_column][et_pb_column type=&#8220;1_2&#8243; _builder_version=&#8220;3.25&#8243; custom_padding=&#8220;|||&#8220; custom_padding__hover=&#8220;|||&#8220;][et_pb_code _builder_version=&#8220;4.6.5&#8243; _module_preset=&#8220;default&#8220;]<iframe loading=\"lazy\" width=\"1280\" height=\"720\" src=\"https:\/\/www.youtube.com\/embed\/rNzVkRxzGUM?t=2361\" frameborder=\"0\" allow=\"accelerometer; autoplay; clipboard-write; encrypted-media; gyroscope; picture-in-picture\" allowfullscreen><\/iframe>[\/et_pb_code][\/et_pb_column][\/et_pb_row][\/et_pb_section][et_pb_section fb_built=&#8220;1&#8243; _builder_version=&#8220;4.6.5&#8243; _module_preset=&#8220;default&#8220; custom_padding=&#8220;0px||0px|||&#8220;][et_pb_row column_structure=&#8220;1_2,1_2&#8243; use_custom_gutter=&#8220;on&#8220; gutter_width=&#8220;0&#8243; make_equal=&#8220;on&#8220; admin_label=&#8220;Our Story Area&#8220; module_class=&#8220; et_pb_row_fullwidth&#8220; _builder_version=&#8220;4.6.5&#8243; background_color=&#8220;#0d1416&#8243; width=&#8220;100%&#8220; width_tablet=&#8220;100%&#8220; width_phone=&#8220;&#8220; width_last_edited=&#8220;on|desktop&#8220; max_width=&#8220;100%&#8220; max_width_tablet=&#8220;100%&#8220; max_width_phone=&#8220;&#8220; max_width_last_edited=&#8220;on|desktop&#8220; custom_padding=&#8220;0px||0px|&#8220; make_fullwidth=&#8220;on&#8220;][et_pb_column type=&#8220;1_2&#8243; _builder_version=&#8220;3.25&#8243; custom_padding=&#8220;|||&#8220; custom_padding__hover=&#8220;|||&#8220;][et_pb_code _builder_version=&#8220;4.6.5&#8243; _module_preset=&#8220;default&#8220;]<iframe loading=\"lazy\" width=\"1280\" height=\"720\" src=\"https:\/\/www.youtube.com\/embed\/sTD-Ye_tXEA\" frameborder=\"0\" allow=\"accelerometer; autoplay; clipboard-write; encrypted-media; gyroscope; picture-in-picture\" allowfullscreen><\/iframe>[\/et_pb_code][\/et_pb_column][et_pb_column type=&#8220;1_2&#8243; _builder_version=&#8220;3.25&#8243; custom_padding=&#8220;5%|5%|5%|5%&#8220; custom_padding__hover=&#8220;|||&#8220;][et_pb_text admin_label=&#8220;Title&#8220; module_id=&#8220;beamer-mapping&#8220; _builder_version=&#8220;4.6.5&#8243; text_font=&#8220;||||||||&#8220; header_font=&#8220;||||||||&#8220; header_2_font=&#8220;Poppins|600|||||||&#8220; header_2_font_size=&#8220;36px&#8220; header_2_line_height=&#8220;1.2em&#8220; background_layout=&#8220;dark&#8220; max_width=&#8220;750px&#8220; animation_style=&#8220;fold&#8220; animation_direction=&#8220;left&#8220; animation_intensity_fold=&#8220;10%&#8220; animation_starting_opacity=&#8220;100%&#8220;]<\/p>\n<h2>Live Streaming vom 01.10.2020<\/h2>\n<h3>Mit Beamer-Licht auf die Nordfassade\/Domplatzseite Magdeburger Dom<\/h3>\n<p>[\/et_pb_text][et_pb_text _builder_version=&#8220;4.6.5&#8243; text_font=&#8220;Poppins||||||||&#8220; text_text_color=&#8220;rgba(255,255,255,0.7)&#8220; text_font_size=&#8220;18px&#8220; text_line_height=&#8220;1.8em&#8220; max_width=&#8220;750px&#8220; custom_margin=&#8220;25px|||&#8220; animation_style=&#8220;fold&#8220; animation_direction=&#8220;left&#8220; animation_intensity_fold=&#8220;10%&#8220; animation_starting_opacity=&#8220;100%&#8220;]Das Magdeburg in Light Festival wird neben der Vorf\u00fchrung auf den Magdeburger Dom auch barrierefrei via Live Streaming \u00fcbertragen.<\/p>\n<p>Hier sehen Sie einen Mitschnitt der  Premiere von Magdeburg in Light dem ersten Beamer Mapping Festival in Sachsen-Anhalt auf den Magdeburger Dom auf der Domplatzseite. Frauke Rauner von Radio SAW moderiert Interviews und f\u00fchrt Gespr\u00e4che kurz vor dem Beginn der au\u00dfergew\u00f6hnlichen Lichtshow.<\/p>\n<p>Genie\u00dfen Sie die Vorf\u00fchrung auf das Westportal des Magdeburger Doms mit 9 x 15000 lumen Beamer Licht.[\/et_pb_text][\/et_pb_column][\/et_pb_row][\/et_pb_section][et_pb_section fb_built=&#8220;1&#8243; _builder_version=&#8220;3.22&#8243; background_color=&#8220;#1d2528&#8243; custom_padding=&#8220;0|0px|0|0px|false|false&#8220;][et_pb_row _builder_version=&#8220;3.25&#8243;][et_pb_column type=&#8220;4_4&#8243; _builder_version=&#8220;3.25&#8243; custom_padding=&#8220;|||&#8220; custom_padding__hover=&#8220;|||&#8220;][et_pb_social_media_follow _builder_version=&#8220;3.19.18&#8243; text_orientation=&#8220;center&#8220;][et_pb_social_media_follow_network social_network=&#8220;facebook&#8220; url=&#8220;https:\/\/www.facebook.com\/VisualimpressionMD&#8220; _builder_version=&#8220;3.19.18&#8243; background_color=&#8220;#3b5998&#8243; follow_button=&#8220;off&#8220; url_new_window=&#8220;on&#8220;]facebook[\/et_pb_social_media_follow_network][et_pb_social_media_follow_network social_network=&#8220;twitter&#8220; url=&#8220;https:\/\/twitter.com\/vi_3d&#8220; _builder_version=&#8220;3.19.18&#8243; background_color=&#8220;#00aced&#8220; follow_button=&#8220;off&#8220; url_new_window=&#8220;on&#8220;]twitter[\/et_pb_social_media_follow_network][et_pb_social_media_follow_network social_network=&#8220;instagram&#8220; url=&#8220;https:\/\/www.instagram.com\/stefan.haberkorn\/&#8220; _builder_version=&#8220;3.19.18&#8243; background_color=&#8220;#ea2c59&#8243; follow_button=&#8220;off&#8220; url_new_window=&#8220;on&#8220;]instagram[\/et_pb_social_media_follow_network][et_pb_social_media_follow_network social_network=&#8220;linkedin&#8220; url=&#8220;https:\/\/de.linkedin.com\/pub\/stefan-haberkorn-3d-vfx-animation\/39\/216\/317&#8243; _builder_version=&#8220;3.19.18&#8243; background_color=&#8220;#007bb6&#8243; follow_button=&#8220;off&#8220; url_new_window=&#8220;on&#8220;]linkedin[\/et_pb_social_media_follow_network][et_pb_social_media_follow_network social_network=&#8220;vimeo&#8220; url=&#8220;https:\/\/vimeo.com\/user19698519&#8243; _builder_version=&#8220;3.19.18&#8243; background_color=&#8220;#45bbff&#8220; follow_button=&#8220;off&#8220; url_new_window=&#8220;on&#8220;]vimeo[\/et_pb_social_media_follow_network][et_pb_social_media_follow_network social_network=&#8220;youtube&#8220; url=&#8220;https:\/\/www.youtube.com\/channel\/UC1n2Ds4LCDhXuNHobh21fDg&#8220; _builder_version=&#8220;3.19.18&#8243; background_color=&#8220;#a82400&#8243; follow_button=&#8220;off&#8220; url_new_window=&#8220;on&#8220;]youtube[\/et_pb_social_media_follow_network][\/et_pb_social_media_follow][\/et_pb_column][\/et_pb_row][\/et_pb_section]<\/p>\n","protected":false},"excerpt":{"rendered":"<p>StreamingLive Streaming f\u00fcr das Magdeburg in Light Event 2020. Da viele Besucher ihren anstehenden Besuch in die Landeshauptstadt Magdeburg verschieben mussten und wegen Corona auch nur eine begrenzte Anzahl von Besuchern vom Ordnungsamt zugelassen sind, sind wir kreativ geworden Obwohl die meisten von uns die Zeit drinnen und isoliert verbringen m\u00fcssen, werden neue Wege gefunden, [&hellip;]<\/p>\n","protected":false},"author":1,"featured_media":0,"parent":0,"menu_order":0,"comment_status":"closed","ping_status":"closed","template":"","meta":{"_et_pb_use_builder":"on","_et_pb_old_content":"","_et_gb_content_width":"","footnotes":""},"class_list":["post-413","page","type-page","status-publish","hentry"],"yoast_head":"<!-- This site is optimized with the Yoast SEO plugin v27.4 - https:\/\/yoast.com\/product\/yoast-seo-wordpress\/ -->\n<title>Streaming barrierefrei und international - Magdeburg in Light<\/title>\n<meta name=\"description\" content=\"Das Magdeburg in Light Festival wird neben der Vorf\u00fchrung auf den Magdeburger Dom auch barrierefrei via Live Streaming \u00fcbertragen.\" \/>\n<meta name=\"robots\" content=\"index, follow, max-snippet:-1, max-image-preview:large, max-video-preview:-1\" \/>\n<link rel=\"canonical\" href=\"http:\/\/magdeburg-in-light.de\/en\/streaming\/\" \/>\n<meta property=\"og:locale\" content=\"en_US\" \/>\n<meta property=\"og:type\" content=\"article\" \/>\n<meta property=\"og:title\" content=\"Streaming barrierefrei und international - Magdeburg in Light\" \/>\n<meta property=\"og:description\" content=\"Das Magdeburg in Light Festival wird neben der Vorf\u00fchrung auf den Magdeburger Dom auch barrierefrei via Live Streaming \u00fcbertragen.\" \/>\n<meta property=\"og:url\" content=\"http:\/\/magdeburg-in-light.de\/en\/streaming\/\" \/>\n<meta property=\"og:site_name\" content=\"Magdeburg in Light\" \/>\n<meta property=\"article:modified_time\" content=\"2020-10-02T08:32:31+00:00\" \/>\n<meta name=\"twitter:card\" content=\"summary_large_image\" \/>\n<meta name=\"twitter:label1\" content=\"Est. reading time\" \/>\n\t<meta name=\"twitter:data1\" content=\"7 minutes\" \/>\n<script type=\"application\/ld+json\" class=\"yoast-schema-graph\">{\"@context\":\"https:\\\/\\\/schema.org\",\"@graph\":[{\"@type\":\"WebPage\",\"@id\":\"http:\\\/\\\/magdeburg-in-light.de\\\/en\\\/streaming\\\/\",\"url\":\"http:\\\/\\\/magdeburg-in-light.de\\\/en\\\/streaming\\\/\",\"name\":\"Streaming barrierefrei und international - Magdeburg in Light\",\"isPartOf\":{\"@id\":\"http:\\\/\\\/magdeburg-in-light.de\\\/en\\\/#website\"},\"datePublished\":\"2020-09-27T11:27:49+00:00\",\"dateModified\":\"2020-10-02T08:32:31+00:00\",\"description\":\"Das Magdeburg in Light Festival wird neben der Vorf\u00fchrung auf den Magdeburger Dom auch barrierefrei via Live Streaming \u00fcbertragen.\",\"breadcrumb\":{\"@id\":\"http:\\\/\\\/magdeburg-in-light.de\\\/en\\\/streaming\\\/#breadcrumb\"},\"inLanguage\":\"en-US\",\"potentialAction\":[{\"@type\":\"ReadAction\",\"target\":[\"http:\\\/\\\/magdeburg-in-light.de\\\/en\\\/streaming\\\/\"]}]},{\"@type\":\"BreadcrumbList\",\"@id\":\"http:\\\/\\\/magdeburg-in-light.de\\\/en\\\/streaming\\\/#breadcrumb\",\"itemListElement\":[{\"@type\":\"ListItem\",\"position\":1,\"name\":\"Startseite\",\"item\":\"https:\\\/\\\/magdeburg-in-light.de\\\/\"},{\"@type\":\"ListItem\",\"position\":2,\"name\":\"Streaming\"}]},{\"@type\":\"WebSite\",\"@id\":\"http:\\\/\\\/magdeburg-in-light.de\\\/en\\\/#website\",\"url\":\"http:\\\/\\\/magdeburg-in-light.de\\\/en\\\/\",\"name\":\"Magdeburg in Light\",\"description\":\"BeamExtrem das Video Mapping Event in Magdeburg\",\"potentialAction\":[{\"@type\":\"SearchAction\",\"target\":{\"@type\":\"EntryPoint\",\"urlTemplate\":\"http:\\\/\\\/magdeburg-in-light.de\\\/en\\\/?s={search_term_string}\"},\"query-input\":{\"@type\":\"PropertyValueSpecification\",\"valueRequired\":true,\"valueName\":\"search_term_string\"}}],\"inLanguage\":\"en-US\"}]}<\/script>\n<!-- \/ Yoast SEO plugin. -->","yoast_head_json":{"title":"Streaming barrierefrei und international - Magdeburg in Light","description":"Das Magdeburg in Light Festival wird neben der Vorf\u00fchrung auf den Magdeburger Dom auch barrierefrei via Live Streaming \u00fcbertragen.","robots":{"index":"index","follow":"follow","max-snippet":"max-snippet:-1","max-image-preview":"max-image-preview:large","max-video-preview":"max-video-preview:-1"},"canonical":"http:\/\/magdeburg-in-light.de\/en\/streaming\/","og_locale":"en_US","og_type":"article","og_title":"Streaming barrierefrei und international - Magdeburg in Light","og_description":"Das Magdeburg in Light Festival wird neben der Vorf\u00fchrung auf den Magdeburger Dom auch barrierefrei via Live Streaming \u00fcbertragen.","og_url":"http:\/\/magdeburg-in-light.de\/en\/streaming\/","og_site_name":"Magdeburg in Light","article_modified_time":"2020-10-02T08:32:31+00:00","twitter_card":"summary_large_image","twitter_misc":{"Est. reading time":"7 minutes"},"schema":{"@context":"https:\/\/schema.org","@graph":[{"@type":"WebPage","@id":"http:\/\/magdeburg-in-light.de\/en\/streaming\/","url":"http:\/\/magdeburg-in-light.de\/en\/streaming\/","name":"Streaming barrierefrei und international - Magdeburg in Light","isPartOf":{"@id":"http:\/\/magdeburg-in-light.de\/en\/#website"},"datePublished":"2020-09-27T11:27:49+00:00","dateModified":"2020-10-02T08:32:31+00:00","description":"Das Magdeburg in Light Festival wird neben der Vorf\u00fchrung auf den Magdeburger Dom auch barrierefrei via Live Streaming \u00fcbertragen.","breadcrumb":{"@id":"http:\/\/magdeburg-in-light.de\/en\/streaming\/#breadcrumb"},"inLanguage":"en-US","potentialAction":[{"@type":"ReadAction","target":["http:\/\/magdeburg-in-light.de\/en\/streaming\/"]}]},{"@type":"BreadcrumbList","@id":"http:\/\/magdeburg-in-light.de\/en\/streaming\/#breadcrumb","itemListElement":[{"@type":"ListItem","position":1,"name":"Startseite","item":"https:\/\/magdeburg-in-light.de\/"},{"@type":"ListItem","position":2,"name":"Streaming"}]},{"@type":"WebSite","@id":"http:\/\/magdeburg-in-light.de\/en\/#website","url":"http:\/\/magdeburg-in-light.de\/en\/","name":"Magdeburg in Light","description":"BeamExtrem das Video Mapping Event in Magdeburg","potentialAction":[{"@type":"SearchAction","target":{"@type":"EntryPoint","urlTemplate":"http:\/\/magdeburg-in-light.de\/en\/?s={search_term_string}"},"query-input":{"@type":"PropertyValueSpecification","valueRequired":true,"valueName":"search_term_string"}}],"inLanguage":"en-US"}]}},"jetpack_sharing_enabled":true,"_links":{"self":[{"href":"https:\/\/magdeburg-in-light.de\/en\/wp-json\/wp\/v2\/pages\/413","targetHints":{"allow":["GET"]}}],"collection":[{"href":"https:\/\/magdeburg-in-light.de\/en\/wp-json\/wp\/v2\/pages"}],"about":[{"href":"https:\/\/magdeburg-in-light.de\/en\/wp-json\/wp\/v2\/types\/page"}],"author":[{"embeddable":true,"href":"https:\/\/magdeburg-in-light.de\/en\/wp-json\/wp\/v2\/users\/1"}],"replies":[{"embeddable":true,"href":"https:\/\/magdeburg-in-light.de\/en\/wp-json\/wp\/v2\/comments?post=413"}],"version-history":[{"count":9,"href":"https:\/\/magdeburg-in-light.de\/en\/wp-json\/wp\/v2\/pages\/413\/revisions"}],"predecessor-version":[{"id":461,"href":"https:\/\/magdeburg-in-light.de\/en\/wp-json\/wp\/v2\/pages\/413\/revisions\/461"}],"wp:attachment":[{"href":"https:\/\/magdeburg-in-light.de\/en\/wp-json\/wp\/v2\/media?parent=413"}],"curies":[{"name":"wp","href":"https:\/\/api.w.org\/{rel}","templated":true}]}}