{"id":47,"date":"2020-02-14T09:29:30","date_gmt":"2020-02-14T08:29:30","guid":{"rendered":"https:\/\/magdeburg-in-light.de\/?page_id=47"},"modified":"2025-10-30T15:34:40","modified_gmt":"2025-10-30T14:34:40","slug":"impressum","status":"publish","type":"page","link":"https:\/\/magdeburg-in-light.de\/en\/impressum\/","title":{"rendered":"Impressum"},"content":{"rendered":"<p>[et_pb_section fb_built=&#8220;1&#8243; admin_label=&#8220;Page Title Section&#8220; _builder_version=&#8220;4.16&#8243; use_background_color_gradient=&#8220;on&#8220; background_color_gradient_direction=&#8220;120deg&#8220; background_color_gradient_stops=&#8220;#000000 0%|rgba(0,0,0,0) 100%&#8220; background_color_gradient_start=&#8220;#000000&#8243; background_color_gradient_end=&#8220;rgba(0,0,0,0)&#8220; background_image=&#8220;https:\/\/magdeburg-in-light.de\/wp-content\/uploads\/2020\/02\/FPA_9213b.jpg&#8220; parallax=&#8220;on&#8220; custom_padding=&#8220;||||false|false&#8220; top_divider_color=&#8220;rgba(0,0,0,0)&#8220; global_colors_info=&#8220;{}&#8220;][et_pb_row column_structure=&#8220;1_2,1_2&#8243; admin_label=&#8220;Page Title Area&#8220; _builder_version=&#8220;4.16&#8243; background_size=&#8220;initial&#8220; background_position=&#8220;top_left&#8220; background_repeat=&#8220;repeat&#8220; global_colors_info=&#8220;{}&#8220;][et_pb_column type=&#8220;1_2&#8243; _builder_version=&#8220;4.16&#8243; custom_padding=&#8220;|||&#8220; global_colors_info=&#8220;{}&#8220; custom_padding__hover=&#8220;|||&#8220;][et_pb_text admin_label=&#8220;Title&#8220; _builder_version=&#8220;4.16&#8243; text_font=&#8220;||||||||&#8220; header_font=&#8220;Poppins|600|||||||&#8220; header_font_size=&#8220;60px&#8220; header_line_height=&#8220;1.2em&#8220; header_2_font=&#8220;||||||||&#8220; background_color=&#8220;rgba(5,5,5,0.73)&#8220; background_layout=&#8220;dark&#8220; custom_margin=&#8220;|||&#8220; custom_padding=&#8220;|||10px&#8220; animation_style=&#8220;fade&#8220; header_font_size_tablet=&#8220;&#8220; header_font_size_phone=&#8220;40px&#8220; header_font_size_last_edited=&#8220;on|phone&#8220; global_colors_info=&#8220;{}&#8220;]<\/p>\n<h1>Impressum<\/h1>\n<p>[\/et_pb_text][et_pb_text admin_label=&#8220;Page Subtitle&#8220; _builder_version=&#8220;4.16&#8243; text_font=&#8220;Poppins||||||||&#8220; text_font_size=&#8220;18px&#8220; text_line_height=&#8220;1.8em&#8220; header_font=&#8220;||||||||&#8220; header_text_color=&#8220;#000000&#8243; background_color=&#8220;rgba(5,5,5,0.73)&#8220; background_layout=&#8220;dark&#8220; custom_padding=&#8220;|10px|6px|10px||&#8220; animation_style=&#8220;fade&#8220; header_text_shadow_style=&#8220;preset3&#8243; global_colors_info=&#8220;{}&#8220;]<\/p>\n<p><strong>Dipl.-Ing. Stefan Haberkorn<\/strong><br \/> <strong>Gesch\u00e4ftsf\u00fchrer\/3D Artist<\/strong><br \/> Jean-Burger-Stra\u00dfe 2<br \/> D-39112 Magdeburg<\/p>\n<p><strong>Mobil:<\/strong> +49 178 80 23 500<br \/> <strong>Festnetz:<\/strong> +49 391 24289009<br \/> <strong>FAX:<\/strong> +49 391 660 964 295<\/p>\n<p><strong>Email:<\/strong> info@magdeburg-in-light.de<\/p>\n<p>[\/et_pb_text][\/et_pb_column][et_pb_column type=&#8220;1_2&#8243; _builder_version=&#8220;4.16&#8243; custom_padding=&#8220;|||&#8220; global_colors_info=&#8220;{}&#8220; custom_padding__hover=&#8220;|||&#8220;][\/et_pb_column][\/et_pb_row][\/et_pb_section][et_pb_section fb_built=&#8220;1&#8243; admin_label=&#8220;About Us Section&#8220; _builder_version=&#8220;4.16&#8243; background_color=&#8220;#020305&#8243; custom_padding=&#8220;56px||58px||false|false&#8220; global_colors_info=&#8220;{}&#8220;][et_pb_row admin_label=&#8220;About Us Area&#8220; _builder_version=&#8220;4.16&#8243; global_colors_info=&#8220;{}&#8220;][et_pb_column type=&#8220;4_4&#8243; _builder_version=&#8220;4.16&#8243; custom_padding=&#8220;|||&#8220; global_colors_info=&#8220;{}&#8220; custom_padding__hover=&#8220;|||&#8220;][et_pb_text admin_label=&#8220;Title&#8220; _builder_version=&#8220;4.16&#8243; text_font=&#8220;||||||||&#8220; header_font=&#8220;||||||||&#8220; header_text_color=&#8220;#ffffff&#8220; header_2_font=&#8220;Poppins|600|||||||&#8220; header_2_text_align=&#8220;center&#8220; header_2_text_color=&#8220;#ffffff&#8220; header_2_font_size=&#8220;36px&#8220; header_2_line_height=&#8220;1.2em&#8220; max_width=&#8220;525px&#8220; module_alignment=&#8220;center&#8220; custom_margin=&#8220;||0px|&#8220; animation_style=&#8220;fade&#8220; global_colors_info=&#8220;{}&#8220;]<\/p>\n<h2>Magdeburg in Light Festival<\/h2>\n<p>[\/et_pb_text][et_pb_text _builder_version=&#8220;4.27.4&#8243; text_font=&#8220;Poppins||||||||&#8220; text_font_size=&#8220;18px&#8220; text_line_height=&#8220;1.8em&#8220; text_orientation=&#8220;center&#8220; max_width=&#8220;750px&#8220; module_alignment=&#8220;center&#8220; custom_margin=&#8220;|||&#8220; custom_padding=&#8220;|||&#8220; animation_style=&#8220;fade&#8220; hover_enabled=&#8220;0&#8243; global_colors_info=&#8220;{}&#8220; sticky_enabled=&#8220;0&#8243;]<strong>in Magdeburg<\/strong><\/p>\n<p><strong>Dipl.-Ing. Stefan Haberkorn<\/strong><br \/>\n<strong>Gesch\u00e4ftsf\u00fchrer\/3D Artist<\/strong><br \/>\nJean-Burger-Stra\u00dfe 2<br \/>\nD-39112 Magdeburg<\/p>\n<p><strong>Mobil:<\/strong> +49 178 80 23 500<br \/>\n<strong>Festnetz:<\/strong> +49 391 24289009<br \/>\n<strong>FAX:<\/strong> +49 391 660 964 295<\/p>\n<p><strong>Email:<\/strong> info@magdeburg-in-light.de<\/p>\n<h2>weitere Webseiten<\/h2>\n<p><a href=\"https:\/\/stefanhaberkorn.com\">stefanhaberkorn.com<\/a><br \/>\n<a href=\"https:\/\/lightvoices.com\">lightvoices.com<\/a><\/p>\n<p><strong>Gerichtsstand:<\/strong> Magdeburg<\/p>\n<p><strong>Haftungshinweis:<\/strong> Trotz sorgf\u00e4ltiger inhaltlicher Kontrolle \u00fcbernehmen wir keine Haftung f\u00fcr<br \/>\ndie Inhalte externer Links. F\u00fcr den Inhalt der verlinkten Seiten sind ausschlie\u00dflich deren Betreiber verantwortlich.<br \/>\nBildmaterial: Eigenes Material soweit nicht andere Quellen angegeben<\/p>\n<p><strong>Corporate Design:<\/strong> Stefan Haberkorn \/ www.visualimpression.de<br \/>\n<strong>Webdesign:<\/strong> Stefan Haberkorn \/ www.visualimpression.de<\/p>\n<p>&nbsp;<\/p>\n<h2>Impressum | <strong>Allgemeine Gesch\u00e4ftsbedingungen:<\/strong><\/h2>\n<div style=\"padding: 5px; background: none repeat scroll 0 0 rgba(0, 0, 0, 0.75); margin-top: 20px; margin-bottom: 20px;\">\n<p><strong>Datenschutz:<\/strong> Sofern innerhalb des Internetangebotes die M\u00f6glichkeit der Eingabe von pers\u00f6nlichen Daten (E-Mailadresse, Namen, Anschriften) besteht, erfolgt diese freiwillig. Visualimpression.de erkl\u00e4rt ausdr\u00fccklich, dass diese Daten nicht an Dritte weitergegeben werden.<\/p>\n<p>&nbsp;<\/p>\n<p><strong>Rechtswirksamkeit:<\/strong> Dieser Haftungsausschluss ist Teil des Internetangebotes von Visualimpression.de. Sofern einzelne Formulierungen oder Teile dieses Textes der geltenden Rechtslage nicht mehr oder nicht mehr vollst\u00e4ndig entsprechen, bleiben die \u00fcbrigen Teile dieser Erkl\u00e4rung davon unber\u00fchrt.<\/p>\n<\/div>\n<h2>Impressum | <strong>Haftungsausschluss:<\/strong><\/h2>\n<div style=\"padding: 5px; background: none repeat scroll 0 0 rgba(0, 0, 0, 0.75); margin-top: 20px; margin-bottom: 20px;\">\n<h3><strong>1. Inhalt des Onlineangebotes<\/strong><\/h3>\n<p>Der Autor \u00fcbernimmt keinerlei Gew\u00e4hr f\u00fcr die Aktualit\u00e4t, Korrektheit, Vollst\u00e4ndigkeit oder Qualit\u00e4t der bereitgestellten Informationen. Haftungsanspr\u00fcche gegen den Autor, welche sich auf Sch\u00e4den materieller oder ideeller Art beziehen, die durch die Nutzung oder Nichtnutzung der dargebotenen Informationen bzw. durch die Nutzung fehlerhafter und unvollst\u00e4ndiger Informationen verursacht wurden, sind grunds\u00e4tzlich ausgeschlossen, sofern seitens des Autors kein nachweislich vors\u00e4tzliches oder grob fahrl\u00e4ssiges Verschulden vorliegt. Alle Angebote sind freibleibend und unverbindlich. Der Autor beh\u00e4lt es sich ausdr\u00fccklich vor, Teile der Seiten oder das gesamte Angebot ohne gesonderte Ank\u00fcndigung zu ver\u00e4ndern, zu erg\u00e4nzen, zu l\u00f6schen oder die Ver\u00f6ffentlichung zeitweise oder endg\u00fcltig einzustellen.<\/p>\n<h3><strong>2. Verweise und Links<\/strong><\/h3>\n<p>Bei direkten oder indirekten Verweisen auf fremde Webseiten (\u201cHyperlinks\u201d), die au\u00dferhalb des Verantwortungsbereiches des Autors liegen, w\u00fcrde eine Haftungsverpflichtung ausschlie\u00dflich in dem Fall in Kraft treten, in dem der Autor von den Inhalten Kenntnis hat und es ihm technisch m\u00f6glich und zumutbar w\u00e4re, die Nutzung im Falle rechtswidriger Inhalte zu verhindern. Der Autor erkl\u00e4rt hiermit ausdr\u00fccklich, dass zum Zeitpunkt der Linksetzung keine illegalen Inhalte auf den zu verlinkenden Seiten erkennbar waren. Auf die aktuelle und zuk\u00fcnftige Gestaltung, die Inhalte oder die Urheberschaft der verlinkten\/verkn\u00fcpften Seiten hat der Autor keinerlei Einfluss. Deshalb distanziert er sich hiermit ausdr\u00fccklich von allen Inhalten aller verlinkten \/verkn\u00fcpften Seiten, die nach der Linksetzung ver\u00e4ndert wurden. Diese Feststellung gilt f\u00fcr alle innerhalb des eigenen Internetangebotes gesetzten Links und Verweise sowie f\u00fcr Fremdeintr\u00e4ge in vom Autor eingerichteten G\u00e4steb\u00fcchern.<\/p>\n<h3><strong>3. Urheber- und Kennzeichenrecht<\/strong><\/h3>\n<p>Der Autor ist bestrebt, in allen Publikationen die Urheberrechte der verwendeten Bilder, Grafiken, Tondokumente, Videosequenzen und Texte zu beachten, von ihm selbst erstellte Bilder, Grafiken, Tondokumente, Videosequenzen und Texte zu nutzen oder auf lizenzfreie Grafiken, Tondokumente, Videosequenzen und Texte zur\u00fcckzugreifen. Alle innerhalb des Internetangebotes genannten und ggf. durch Dritte gesch\u00fctzten Marken- und Warenzeichen unterliegen uneingeschr\u00e4nkt den Bestimmungen des jeweils g\u00fcltigen Kennzeichenrechts und den Besitzrechten der jeweiligen eingetragenen Eigent\u00fcmer. Allein aufgrund der blo\u00dfen Nennung ist nicht der Schluss zu ziehen, dass Markenzeichen nicht durch Rechte Dritter gesch\u00fctzt sind! Das Copyright f\u00fcr ver\u00f6ffentlichte, vom Autor selbst erstellte Objekte bleibt allein beim Autor der Seiten. Eine Vervielf\u00e4ltigung oder Verwendung solcher Grafiken, Tondokumente, Videosequenzen und Texte in anderen elektronischen oder gedruckten Publikationen ist ohne ausdr\u00fcckliche Zustimmung des Autors nicht gestattet.<\/p>\n<h3><strong>4. Datenschutz<\/strong><\/h3>\n<p>Sofern innerhalb des Internetangebotes die M\u00f6glichkeit zur Eingabe pers\u00f6nlicher oder gesch\u00e4ftlicher Daten (Emailadressen, Namen, Anschriften) besteht, so erfolgt die Preisgabe dieser Daten seitens des Nutzers auf ausdr\u00fccklich freiwilliger Basis. Die Inanspruchnahme und Bezahlung aller angebotenen Dienste ist \u2013 soweit technisch m\u00f6glich und zumutbar \u2013 auch ohne Angabe solcher Daten bzw. unter Angabe anonymisierter Daten oder eines Pseudonyms gestattet. Die Nutzung der im Rahmen des Impressums oder vergleichbarer Angaben ver\u00f6ffentlichten Kontaktdaten wie Postanschriften, Telefon- und Faxnummern sowie Emailadressen durch Dritte zur \u00dcbersendung von nicht ausdr\u00fccklich angeforderten Informationen ist nicht gestattet. Rechtliche Schritte gegen die Versender von sogenannten Spam-Mails bei Verst\u00f6ssen gegen dieses Verbot sind ausdr\u00fccklich vorbehalten.<\/p>\n<h3><strong>5. Rechtswirksamkeit dieses Haftungsausschlusses<\/strong><\/h3>\n<p>Dieser Haftungsausschluss ist als Teil des Internetangebotes zu betrachten, von dem aus auf diese Seite verwiesen wurde. Sofern Teile oder einzelne Formulierungen dieses Textes der geltenden Rechtslage nicht, nicht mehr oder nicht vollst\u00e4ndig entsprechen sollten, bleiben die \u00fcbrigen Teile des Dokumentes in ihrem Inhalt und ihrer G\u00fcltigkeit davon unber\u00fchrt.<\/p>\n<h3><strong>Google Analytics<\/strong><\/h3>\n<p>Diese Website benutzt Google Analytics, einen Webanalysedienst der Google Inc. (\u201eGoogle\u201c). Google Analytics verwendet sog. \u201eCookies\u201c, Textdateien, die auf Ihrem Computer gespeichert werden und die eine Analyse der Benutzung der Website durch Sie erm\u00f6glichen. Die durch den Cookie erzeugten Informationen \u00fcber Ihre Benutzung dieser Website werden in der Regel an einen Server von Google in den USA \u00fcbertragen und dort gespeichert. Im Falle der Aktivierung der IP-Anonymisierung auf dieser Website, wird Ihre IP-Adresse von Google jedoch innerhalb von Mitgliedstaaten der Europ\u00e4ischen Union oder in anderen Vertragsstaaten des Abkommens \u00fcber den Europ\u00e4ischen Wirtschaftsraum zuvor gek\u00fcrzt. Nur in Ausnahmef\u00e4llen wird die volle IP-Adresse an einen Server von Google in den USA \u00fcbertragen und dort gek\u00fcrzt. Im Auftrag des Betreibers dieser Website wird Google diese Informationen benutzen, um Ihre Nutzung der Website auszuwerten, um Reports \u00fcber die Websiteaktivit\u00e4ten zusammenzustellen und um weitere mit der Websitenutzung und der Internetnutzung verbundene Dienstleistungen gegen\u00fcber dem Websitebetreiber zu erbringen. Die im Rahmen von Google Analytics von Ihrem Browser \u00fcbermittelte IP-Adresse wird nicht mit anderen Daten von Google zusammengef\u00fchrt. Sie k\u00f6nnen die Speicherung der Cookies durch eine entsprechende Einstellung Ihrer Browser-Software verhindern; wir weisen Sie jedoch darauf hin, dass Sie in diesem Fall gegebenenfalls nicht s\u00e4mtliche Funktionen dieser Website vollumf\u00e4nglich werden nutzen k\u00f6nnen. Sie k\u00f6nnen dar\u00fcber hinaus die Erfassung der durch das Cookie erzeugten und auf Ihre Nutzung der Website bezogenen Daten (inkl. Ihrer IP-Adresse) an Google sowie die Verarbeitung dieser Daten durch Google verhindern, indem sie das unter dem folgenden Link (https:\/\/tools.google.com\/dlpage\/gaoptout?hl=de) verf\u00fcgbare Browser-Plugin herunterladen und installieren.<\/p>\n<p>Sie k\u00f6nnen die Erfassung durch Google Analytics verhindern, indem Sie auf folgenden Link klicken. Es wird ein Opt-Out-Cookie gesetzt, der die zuk\u00fcnftige Erfassung Ihrer Daten beim Besuch dieser Website verhindert: Google Analytics deaktivieren<\/p>\n<p>N\u00e4here Informationen zu Nutzungsbedingungen und Datenschutz finden Sie unter https:\/\/www.google.com\/analytics\/terms\/de.html bzw. unter https:\/\/www.google.com\/intl\/de\/analytics\/privacyoverview.html. Wir weisen Sie darauf hin, dass auf dieser Website Google Analytics um den Code \u201egat._anonymizeIp();\u201c erweitert wurde, um eine anonymisierte Erfassung von IP-Adressen (sog. IP-Masking) zu gew\u00e4hrleisten.<br \/>\nDie Formulierung zu Google Analytics wurde von datenschutzbeauftragter-info.de zur Verf\u00fcgung gestellt.<\/p>\n<h3><strong>Datenschutzerkl\u00e4rung f\u00fcr die Nutzung von Facebook-Plugins (Like-Button)<\/strong><\/h3>\n<p>Auf unseren Seiten sind Plugins des sozialen Netzwerks Facebook, 1601 South California Avenue, Palo Alto, CA 94304, USA integriert. Die Facebook-Plugins erkennen Sie an dem Facebook-Logo oder dem \u201cLike-Button\u201d (\u201cGef\u00e4llt mir\u201c) auf unserer Seite. Eine \u00dcbersicht \u00fcber die Facebook-Plugins finden Sie hier: https:\/\/developers.facebook.com\/docs\/plugins\/ Wenn Sie unsere Seiten besuchen, wird \u00fcber das Plugin eine direkte Verbindung zwischen Ihrem Browser und dem Facebook-Server hergestellt. Facebook erh\u00e4lt dadurch die Information, dass Sie mit Ihrer IP-Adresse unsere Seite besucht haben. Wenn Sie den Facebook \u201eLike-Button\u201c anklicken w\u00e4hrend Sie in Ihrem Facebook-Account eingeloggt sind, k\u00f6nnen Sie die Inhalte unserer Seiten auf Ihrem Facebook-Profil verlinken. Dadurch kann Facebook den Besuch unserer Seiten Ihrem Benutzerkonto zuordnen. Wir weisen darauf hin, dass wir als Anbieter der Seiten keine Kenntnis vom Inhalt der \u00fcbermittelten Daten sowie deren Nutzung durch Facebook erhalten. Weitere Informationen hierzu finden Sie in der Datenschutzerkl\u00e4rung von facebook unter https:\/\/de-de.facebook.com\/policy.php<\/p>\n<p>Wenn Sie nicht w\u00fcnschen, dass Facebook den Besuch unserer Seiten Ihrem Facebook-Nutzerkonto zuordnen kann, loggen Sie sich bitte aus Ihrem Facebook-Benutzerkonto aus.<\/p>\n<\/div>\n<p>[\/et_pb_text][\/et_pb_column][\/et_pb_row][\/et_pb_section]<\/p>\n","protected":false},"excerpt":{"rendered":"<p>ImpressumDipl.-Ing. Stefan Haberkorn Gesch\u00e4ftsf\u00fchrer\/3D Artist Jean-Burger-Stra\u00dfe 2 D-39112 Magdeburg Mobil: +49 178 80 23 500 Festnetz: +49 391 24289009 FAX: +49 391 660 964 295 Email: info@magdeburg-in-light.deMagdeburg in Light Festivalin Magdeburg Dipl.-Ing. Stefan Haberkorn Gesch\u00e4ftsf\u00fchrer\/3D Artist Jean-Burger-Stra\u00dfe 2 D-39112 Magdeburg Mobil: +49 178 80 23 500 Festnetz: +49 391 24289009 FAX: +49 391 660 964 [&hellip;]<\/p>\n","protected":false},"author":1,"featured_media":0,"parent":0,"menu_order":0,"comment_status":"closed","ping_status":"closed","template":"","meta":{"_et_pb_use_builder":"on","_et_pb_old_content":"","_et_gb_content_width":"","footnotes":""},"class_list":["post-47","page","type-page","status-publish","hentry"],"yoast_head":"<!-- This site is optimized with the Yoast SEO plugin v27.4 - https:\/\/yoast.com\/product\/yoast-seo-wordpress\/ -->\n<title>Impressum - Magdeburg in Light<\/title>\n<meta name=\"robots\" content=\"index, follow, max-snippet:-1, max-image-preview:large, max-video-preview:-1\" \/>\n<link rel=\"canonical\" href=\"https:\/\/magdeburg-in-light.de\/en\/impressum\/\" \/>\n<meta property=\"og:locale\" content=\"en_US\" \/>\n<meta property=\"og:type\" content=\"article\" \/>\n<meta property=\"og:title\" content=\"Impressum - Magdeburg in Light\" \/>\n<meta property=\"og:description\" content=\"ImpressumDipl.-Ing. Stefan Haberkorn Gesch\u00e4ftsf\u00fchrer\/3D Artist Jean-Burger-Stra\u00dfe 2 D-39112 Magdeburg Mobil: +49 178 80 23 500 Festnetz: +49 391 24289009 FAX: +49 391 660 964 295 Email: info@magdeburg-in-light.deMagdeburg in Light Festivalin Magdeburg Dipl.-Ing. Stefan Haberkorn Gesch\u00e4ftsf\u00fchrer\/3D Artist Jean-Burger-Stra\u00dfe 2 D-39112 Magdeburg Mobil: +49 178 80 23 500 Festnetz: +49 391 24289009 FAX: +49 391 660 964 [&hellip;]\" \/>\n<meta property=\"og:url\" content=\"https:\/\/magdeburg-in-light.de\/en\/impressum\/\" \/>\n<meta property=\"og:site_name\" content=\"Magdeburg in Light\" \/>\n<meta property=\"article:modified_time\" content=\"2025-10-30T14:34:40+00:00\" \/>\n<meta name=\"twitter:card\" content=\"summary_large_image\" \/>\n<meta name=\"twitter:label1\" content=\"Est. reading time\" \/>\n\t<meta name=\"twitter:data1\" content=\"9 minutes\" \/>\n<script type=\"application\/ld+json\" class=\"yoast-schema-graph\">{\"@context\":\"https:\\\/\\\/schema.org\",\"@graph\":[{\"@type\":\"WebPage\",\"@id\":\"https:\\\/\\\/magdeburg-in-light.de\\\/impressum\\\/\",\"url\":\"https:\\\/\\\/magdeburg-in-light.de\\\/impressum\\\/\",\"name\":\"Impressum - Magdeburg in Light\",\"isPartOf\":{\"@id\":\"http:\\\/\\\/magdeburg-in-light.de\\\/en\\\/#website\"},\"datePublished\":\"2020-02-14T08:29:30+00:00\",\"dateModified\":\"2025-10-30T14:34:40+00:00\",\"breadcrumb\":{\"@id\":\"https:\\\/\\\/magdeburg-in-light.de\\\/impressum\\\/#breadcrumb\"},\"inLanguage\":\"en-US\",\"potentialAction\":[{\"@type\":\"ReadAction\",\"target\":[\"https:\\\/\\\/magdeburg-in-light.de\\\/impressum\\\/\"]}]},{\"@type\":\"BreadcrumbList\",\"@id\":\"https:\\\/\\\/magdeburg-in-light.de\\\/impressum\\\/#breadcrumb\",\"itemListElement\":[{\"@type\":\"ListItem\",\"position\":1,\"name\":\"Startseite\",\"item\":\"https:\\\/\\\/magdeburg-in-light.de\\\/\"},{\"@type\":\"ListItem\",\"position\":2,\"name\":\"Impressum\"}]},{\"@type\":\"WebSite\",\"@id\":\"http:\\\/\\\/magdeburg-in-light.de\\\/en\\\/#website\",\"url\":\"http:\\\/\\\/magdeburg-in-light.de\\\/en\\\/\",\"name\":\"Magdeburg in Light\",\"description\":\"BeamExtrem das Video Mapping Event in Magdeburg\",\"potentialAction\":[{\"@type\":\"SearchAction\",\"target\":{\"@type\":\"EntryPoint\",\"urlTemplate\":\"http:\\\/\\\/magdeburg-in-light.de\\\/en\\\/?s={search_term_string}\"},\"query-input\":{\"@type\":\"PropertyValueSpecification\",\"valueRequired\":true,\"valueName\":\"search_term_string\"}}],\"inLanguage\":\"en-US\"}]}<\/script>\n<!-- \/ Yoast SEO plugin. -->","yoast_head_json":{"title":"Impressum - Magdeburg in Light","robots":{"index":"index","follow":"follow","max-snippet":"max-snippet:-1","max-image-preview":"max-image-preview:large","max-video-preview":"max-video-preview:-1"},"canonical":"https:\/\/magdeburg-in-light.de\/en\/impressum\/","og_locale":"en_US","og_type":"article","og_title":"Impressum - Magdeburg in Light","og_description":"ImpressumDipl.-Ing. Stefan Haberkorn Gesch\u00e4ftsf\u00fchrer\/3D Artist Jean-Burger-Stra\u00dfe 2 D-39112 Magdeburg Mobil: +49 178 80 23 500 Festnetz: +49 391 24289009 FAX: +49 391 660 964 295 Email: info@magdeburg-in-light.deMagdeburg in Light Festivalin Magdeburg Dipl.-Ing. Stefan Haberkorn Gesch\u00e4ftsf\u00fchrer\/3D Artist Jean-Burger-Stra\u00dfe 2 D-39112 Magdeburg Mobil: +49 178 80 23 500 Festnetz: +49 391 24289009 FAX: +49 391 660 964 [&hellip;]","og_url":"https:\/\/magdeburg-in-light.de\/en\/impressum\/","og_site_name":"Magdeburg in Light","article_modified_time":"2025-10-30T14:34:40+00:00","twitter_card":"summary_large_image","twitter_misc":{"Est. reading time":"9 minutes"},"schema":{"@context":"https:\/\/schema.org","@graph":[{"@type":"WebPage","@id":"https:\/\/magdeburg-in-light.de\/impressum\/","url":"https:\/\/magdeburg-in-light.de\/impressum\/","name":"Impressum - Magdeburg in Light","isPartOf":{"@id":"http:\/\/magdeburg-in-light.de\/en\/#website"},"datePublished":"2020-02-14T08:29:30+00:00","dateModified":"2025-10-30T14:34:40+00:00","breadcrumb":{"@id":"https:\/\/magdeburg-in-light.de\/impressum\/#breadcrumb"},"inLanguage":"en-US","potentialAction":[{"@type":"ReadAction","target":["https:\/\/magdeburg-in-light.de\/impressum\/"]}]},{"@type":"BreadcrumbList","@id":"https:\/\/magdeburg-in-light.de\/impressum\/#breadcrumb","itemListElement":[{"@type":"ListItem","position":1,"name":"Startseite","item":"https:\/\/magdeburg-in-light.de\/"},{"@type":"ListItem","position":2,"name":"Impressum"}]},{"@type":"WebSite","@id":"http:\/\/magdeburg-in-light.de\/en\/#website","url":"http:\/\/magdeburg-in-light.de\/en\/","name":"Magdeburg in Light","description":"BeamExtrem das Video Mapping Event in Magdeburg","potentialAction":[{"@type":"SearchAction","target":{"@type":"EntryPoint","urlTemplate":"http:\/\/magdeburg-in-light.de\/en\/?s={search_term_string}"},"query-input":{"@type":"PropertyValueSpecification","valueRequired":true,"valueName":"search_term_string"}}],"inLanguage":"en-US"}]}},"jetpack_sharing_enabled":true,"_links":{"self":[{"href":"https:\/\/magdeburg-in-light.de\/en\/wp-json\/wp\/v2\/pages\/47","targetHints":{"allow":["GET"]}}],"collection":[{"href":"https:\/\/magdeburg-in-light.de\/en\/wp-json\/wp\/v2\/pages"}],"about":[{"href":"https:\/\/magdeburg-in-light.de\/en\/wp-json\/wp\/v2\/types\/page"}],"author":[{"embeddable":true,"href":"https:\/\/magdeburg-in-light.de\/en\/wp-json\/wp\/v2\/users\/1"}],"replies":[{"embeddable":true,"href":"https:\/\/magdeburg-in-light.de\/en\/wp-json\/wp\/v2\/comments?post=47"}],"version-history":[{"count":4,"href":"https:\/\/magdeburg-in-light.de\/en\/wp-json\/wp\/v2\/pages\/47\/revisions"}],"predecessor-version":[{"id":600,"href":"https:\/\/magdeburg-in-light.de\/en\/wp-json\/wp\/v2\/pages\/47\/revisions\/600"}],"wp:attachment":[{"href":"https:\/\/magdeburg-in-light.de\/en\/wp-json\/wp\/v2\/media?parent=47"}],"curies":[{"name":"wp","href":"https:\/\/api.w.org\/{rel}","templated":true}]}}