{"id":522,"date":"2021-09-23T18:55:26","date_gmt":"2021-09-23T16:55:26","guid":{"rendered":"https:\/\/magdeburg-in-light.de\/?page_id=522"},"modified":"2021-09-23T18:59:40","modified_gmt":"2021-09-23T16:59:40","slug":"story-2021","status":"publish","type":"page","link":"https:\/\/magdeburg-in-light.de\/en\/story-2021\/","title":{"rendered":"Story 2021"},"content":{"rendered":"<p>[et_pb_section fb_built=&#8220;1&#8243; _builder_version=&#8220;4.10.8&#8243; _module_preset=&#8220;default&#8220; hover_enabled=&#8220;0&#8243; sticky_enabled=&#8220;0&#8243;][et_pb_row _builder_version=&#8220;4.10.8&#8243; _module_preset=&#8220;default&#8220;][et_pb_column _builder_version=&#8220;4.10.8&#8243; _module_preset=&#8220;default&#8220; type=&#8220;4_4&#8243; hover_enabled=&#8220;0&#8243; sticky_enabled=&#8220;0&#8243;][et_pb_text _builder_version=&#8220;4.10.8&#8243; _module_preset=&#8220;default&#8220; hover_enabled=&#8220;0&#8243; sticky_enabled=&#8220;0&#8243;]<\/p>\n<h2> Die Story von Magdeburg in Light 2021 <\/h2>\n<p>1.Szene: ist ein Spiel mit der Fassade als Einstieg <\/p>\n<p>2.Szene: Schlangen wachsen noch oben und verwandeln sich in Ranken und B\u00e4ume. Das bedeutet, dass sich manchmal die Natur gruselig und furcht einl\u00f6send erscheint, sich dann aber als harmlos herausstellen. Aus meiner Perspektive sollte Religion urspr\u00fcnglich dem Menschen Struktur geben und helfen die Welt zu verstehen und dem Leben einen Sinn geben.<\/p>\n<p>3.Szene: Das Kreuz mit dem M\u00fchlrad fliegt hoch und Geb\u00e4ude entstehen und werden zerst\u00f6rt. Die Kirche baut gesellschaftliche Strukturen und die Stadt Magdeburg auf. Die beiden vorherigen Dombauten werden durch Wind und Feuer zerst\u00f6rt. Immer wieder k\u00e4mpft die Stadt mit Konflikten und Zerst\u00f6rung. <\/p>\n<p>4.Szene: Dann wird der erste gotische Dom auf deutschem Boden gebaut. Gotische Strukturen fliegen von oben nach unten. Die Gotik nutzt leichte und filigrane Strukturen im Gegensatz zur Romanik. Die gotische Architektur ist beeindruckend und gewaltig. Ein goldenes Zeitalter beginnt f\u00fcr die Stadt Magdeburg.<\/p>\n<p>5.Szene: Die Reformation bringt farbige Kirchenfenster und teilt die Kirche in zwei Teile. Luthers Thesen in Form von Papierstreifen fliegen \u00fcber die Fassade und bringen alles in Unruhe. Ein grunds\u00e4tzlicher gesellschaftlicher Wandel beginnt. Gleichzeitig entstehen industrielle Strukturen im Zuge der Erfindung der Elektrizit\u00e4t. Maschinenbau und Metallverarbeitende Industrie entsteht. <\/p>\n<p>6.Szene: Dann kommt der erste und zweite Weltkrieg mit gro\u00dfer Zerst\u00f6rung und Leid f\u00fcr die Stadt. Die sich entwickelnden Technologien werden gegen die Menschen eingesetzt.<\/p>\n<p>7.Szene: Die Stadt wird durch die Menschen Hand in Hand nach dem Krieg wieder aufgebaut. Der Dom ist verwahrlost und wird teilweise als Viehstall genutzt. Erst in der DDR Zeit werden die maroden Zust\u00e4nde verbessert. Aber die DDR leitet auch den Kalten Krieg und den Mauerbau ein. Eine sozialistische Diktatur unterbindet und bestraft kritische Stimmen in der Bev\u00f6lkerung und Kulturszene. <\/p>\n<p>8.Szene: Erst der Kapitalismus l\u00f6st die sozialistische Diktatur ab und verspricht Verbesserungen. Die Wende bringt Freiheit und Medien in die Bev\u00f6lkerung, aber sie ist auch der Beginn des \u00dcberwachungsstaates. Die Bildschirme mit den Augen, die alles sehen stehen als Symbol daf\u00fcr.<\/p>\n<p>7.Szene: technische Infrastrukturen und immer neue Errungenschaften entwickeln sich. Neben vielen negativen Tendenzen z.B. Atomkraft, Klimakrise, Massentierhaltung beginnt auch die l\u00e4ngste Friedenszeit, eine nie zuvor da gewesener Wohlstand und digitale Medien mit Social Media und Computertechnik macht sprunghafte Fortschritte. <\/p>\n<p>8.Szene: Die Wissenschaft symbolisiert durch die Roboterh\u00e4nde bringt medizinischen Schutz, der uns aber gleichzeitig einsperrt und handlungsunf\u00e4hig macht. Der Mensch ist trotz Coronavirus gesch\u00fctzt aber auch gel\u00e4hmt, alles kommt zum Erliegen &#8211; Kunst, Kultur, Freizeitangebote usw.. Diese negative Entwicklung bringt Fortschritt in den Ausbau digitaler Wege f\u00fcr Kommunikation und die Vernetzung im Internet. <\/p>\n<p>9.Szene: Virtuelle Realit\u00e4t ist die  bedeutendste Entwicklung unserer Zeit. Der Mensch wird gl\u00e4sern und l\u00f6st sich auf im World Wide Web. Es gibt aber neue virtuelle M\u00f6glichkeiten f\u00fcr Sport, Unterhaltung und Events ohne physische Ber\u00fchrung. Damit beginnen sich auch neue digitale Strukturen f\u00fcr Pflege, Medizin und Bildung auszubauen. <\/p>\n<p>10.Szene: Einmal mehr stellt sich die Frage wer wir sind und was unser Sinn in dieser unendlichen Welt zwischen wachsenden Stadtstrukturen und der fernen Sehnsucht nach Natur ist. Die christlichen Tugenden gewinnen in dieser schnellen und chaotischen Zeit des gesellschaftlichen Wandels wieder mehr an Bedeutung. Wir l\u00f6sen uns auf in virtuellen Partywelten und finden uns in Yoga und Religion wieder, zumindest ist das eine von unendlich vielen M\u00f6glichkeiten wie wir gemeinsam in die Zukunft gehen k\u00f6nnen.<\/p>\n<p>Story: VISUALIMPRESSION GmbH &#8211; Videok\u00fcnstler Stefan Haberkorn https:\/\/magdeburg-in-Light.de <\/p>\n<p>[\/et_pb_text][\/et_pb_column][\/et_pb_row][\/et_pb_section]<\/p>\n","protected":false},"excerpt":{"rendered":"<p>Die Story von Magdeburg in Light 2021 1.Szene: ist ein Spiel mit der Fassade als Einstieg 2.Szene: Schlangen wachsen noch oben und verwandeln sich in Ranken und B\u00e4ume. Das bedeutet, dass sich manchmal die Natur gruselig und furcht einl\u00f6send erscheint, sich dann aber als harmlos herausstellen. Aus meiner Perspektive sollte Religion urspr\u00fcnglich dem Menschen Struktur [&hellip;]<\/p>\n","protected":false},"author":1,"featured_media":0,"parent":0,"menu_order":0,"comment_status":"closed","ping_status":"closed","template":"","meta":{"_et_pb_use_builder":"on","_et_pb_old_content":"","_et_gb_content_width":"","footnotes":""},"class_list":["post-522","page","type-page","status-publish","hentry"],"yoast_head":"<!-- This site is optimized with the Yoast SEO plugin v27.5 - https:\/\/yoast.com\/product\/yoast-seo-wordpress\/ -->\n<title>Story 2021 - Magdeburg in Light<\/title>\n<meta name=\"robots\" content=\"index, follow, max-snippet:-1, max-image-preview:large, max-video-preview:-1\" \/>\n<link rel=\"canonical\" href=\"http:\/\/magdeburg-in-light.de\/en\/story-2021\/\" \/>\n<meta property=\"og:locale\" content=\"en_US\" \/>\n<meta property=\"og:type\" content=\"article\" \/>\n<meta property=\"og:title\" content=\"Story 2021 - Magdeburg in Light\" \/>\n<meta property=\"og:description\" content=\"Die Story von Magdeburg in Light 2021 1.Szene: ist ein Spiel mit der Fassade als Einstieg 2.Szene: Schlangen wachsen noch oben und verwandeln sich in Ranken und B\u00e4ume. Das bedeutet, dass sich manchmal die Natur gruselig und furcht einl\u00f6send erscheint, sich dann aber als harmlos herausstellen. Aus meiner Perspektive sollte Religion urspr\u00fcnglich dem Menschen Struktur [&hellip;]\" \/>\n<meta property=\"og:url\" content=\"http:\/\/magdeburg-in-light.de\/en\/story-2021\/\" \/>\n<meta property=\"og:site_name\" content=\"Magdeburg in Light\" \/>\n<meta property=\"article:modified_time\" content=\"2021-09-23T16:59:40+00:00\" \/>\n<meta name=\"twitter:card\" content=\"summary_large_image\" \/>\n<script type=\"application\/ld+json\" class=\"yoast-schema-graph\">{\"@context\":\"https:\\\/\\\/schema.org\",\"@graph\":[{\"@type\":\"WebPage\",\"@id\":\"http:\\\/\\\/magdeburg-in-light.de\\\/en\\\/story-2021\\\/\",\"url\":\"http:\\\/\\\/magdeburg-in-light.de\\\/en\\\/story-2021\\\/\",\"name\":\"Story 2021 - Magdeburg in Light\",\"isPartOf\":{\"@id\":\"http:\\\/\\\/magdeburg-in-light.de\\\/en\\\/#website\"},\"datePublished\":\"2021-09-23T16:55:26+00:00\",\"dateModified\":\"2021-09-23T16:59:40+00:00\",\"breadcrumb\":{\"@id\":\"http:\\\/\\\/magdeburg-in-light.de\\\/en\\\/story-2021\\\/#breadcrumb\"},\"inLanguage\":\"en-US\",\"potentialAction\":[{\"@type\":\"ReadAction\",\"target\":[\"http:\\\/\\\/magdeburg-in-light.de\\\/en\\\/story-2021\\\/\"]}]},{\"@type\":\"BreadcrumbList\",\"@id\":\"http:\\\/\\\/magdeburg-in-light.de\\\/en\\\/story-2021\\\/#breadcrumb\",\"itemListElement\":[{\"@type\":\"ListItem\",\"position\":1,\"name\":\"Startseite\",\"item\":\"https:\\\/\\\/magdeburg-in-light.de\\\/\"},{\"@type\":\"ListItem\",\"position\":2,\"name\":\"Story 2021\"}]},{\"@type\":\"WebSite\",\"@id\":\"http:\\\/\\\/magdeburg-in-light.de\\\/en\\\/#website\",\"url\":\"http:\\\/\\\/magdeburg-in-light.de\\\/en\\\/\",\"name\":\"Magdeburg in Light\",\"description\":\"BeamExtrem das Video Mapping Event in Magdeburg\",\"potentialAction\":[{\"@type\":\"SearchAction\",\"target\":{\"@type\":\"EntryPoint\",\"urlTemplate\":\"http:\\\/\\\/magdeburg-in-light.de\\\/en\\\/?s={search_term_string}\"},\"query-input\":{\"@type\":\"PropertyValueSpecification\",\"valueRequired\":true,\"valueName\":\"search_term_string\"}}],\"inLanguage\":\"en-US\"}]}<\/script>\n<!-- \/ Yoast SEO plugin. -->","yoast_head_json":{"title":"Story 2021 - Magdeburg in Light","robots":{"index":"index","follow":"follow","max-snippet":"max-snippet:-1","max-image-preview":"max-image-preview:large","max-video-preview":"max-video-preview:-1"},"canonical":"http:\/\/magdeburg-in-light.de\/en\/story-2021\/","og_locale":"en_US","og_type":"article","og_title":"Story 2021 - Magdeburg in Light","og_description":"Die Story von Magdeburg in Light 2021 1.Szene: ist ein Spiel mit der Fassade als Einstieg 2.Szene: Schlangen wachsen noch oben und verwandeln sich in Ranken und B\u00e4ume. Das bedeutet, dass sich manchmal die Natur gruselig und furcht einl\u00f6send erscheint, sich dann aber als harmlos herausstellen. Aus meiner Perspektive sollte Religion urspr\u00fcnglich dem Menschen Struktur [&hellip;]","og_url":"http:\/\/magdeburg-in-light.de\/en\/story-2021\/","og_site_name":"Magdeburg in Light","article_modified_time":"2021-09-23T16:59:40+00:00","twitter_card":"summary_large_image","schema":{"@context":"https:\/\/schema.org","@graph":[{"@type":"WebPage","@id":"http:\/\/magdeburg-in-light.de\/en\/story-2021\/","url":"http:\/\/magdeburg-in-light.de\/en\/story-2021\/","name":"Story 2021 - Magdeburg in Light","isPartOf":{"@id":"http:\/\/magdeburg-in-light.de\/en\/#website"},"datePublished":"2021-09-23T16:55:26+00:00","dateModified":"2021-09-23T16:59:40+00:00","breadcrumb":{"@id":"http:\/\/magdeburg-in-light.de\/en\/story-2021\/#breadcrumb"},"inLanguage":"en-US","potentialAction":[{"@type":"ReadAction","target":["http:\/\/magdeburg-in-light.de\/en\/story-2021\/"]}]},{"@type":"BreadcrumbList","@id":"http:\/\/magdeburg-in-light.de\/en\/story-2021\/#breadcrumb","itemListElement":[{"@type":"ListItem","position":1,"name":"Startseite","item":"https:\/\/magdeburg-in-light.de\/"},{"@type":"ListItem","position":2,"name":"Story 2021"}]},{"@type":"WebSite","@id":"http:\/\/magdeburg-in-light.de\/en\/#website","url":"http:\/\/magdeburg-in-light.de\/en\/","name":"Magdeburg in Light","description":"BeamExtrem das Video Mapping Event in Magdeburg","potentialAction":[{"@type":"SearchAction","target":{"@type":"EntryPoint","urlTemplate":"http:\/\/magdeburg-in-light.de\/en\/?s={search_term_string}"},"query-input":{"@type":"PropertyValueSpecification","valueRequired":true,"valueName":"search_term_string"}}],"inLanguage":"en-US"}]}},"jetpack_sharing_enabled":true,"_links":{"self":[{"href":"https:\/\/magdeburg-in-light.de\/en\/wp-json\/wp\/v2\/pages\/522","targetHints":{"allow":["GET"]}}],"collection":[{"href":"https:\/\/magdeburg-in-light.de\/en\/wp-json\/wp\/v2\/pages"}],"about":[{"href":"https:\/\/magdeburg-in-light.de\/en\/wp-json\/wp\/v2\/types\/page"}],"author":[{"embeddable":true,"href":"https:\/\/magdeburg-in-light.de\/en\/wp-json\/wp\/v2\/users\/1"}],"replies":[{"embeddable":true,"href":"https:\/\/magdeburg-in-light.de\/en\/wp-json\/wp\/v2\/comments?post=522"}],"version-history":[{"count":2,"href":"https:\/\/magdeburg-in-light.de\/en\/wp-json\/wp\/v2\/pages\/522\/revisions"}],"predecessor-version":[{"id":524,"href":"https:\/\/magdeburg-in-light.de\/en\/wp-json\/wp\/v2\/pages\/522\/revisions\/524"}],"wp:attachment":[{"href":"https:\/\/magdeburg-in-light.de\/en\/wp-json\/wp\/v2\/media?parent=522"}],"curies":[{"name":"wp","href":"https:\/\/api.w.org\/{rel}","templated":true}]}}