{"id":326,"date":"2020-07-10T17:49:56","date_gmt":"2020-07-10T15:49:56","guid":{"rendered":"https:\/\/magdeburg-in-light.de\/?post_type=product&#038;p=326"},"modified":"2020-08-24T12:13:44","modified_gmt":"2020-08-24T10:13:44","slug":"premium-sponsor","status":"publish","type":"product","link":"https:\/\/magdeburg-in-light.de\/en\/product\/premium-sponsor\/","title":{"rendered":"Premium Sponsor"},"content":{"rendered":"<p>[et_pb_section fb_built=&#8220;1&#8243; _builder_version=&#8220;3.22&#8243; custom_padding=&#8220;0px||||false|false&#8220;][et_pb_row _builder_version=&#8220;3.25&#8243; background_size=&#8220;initial&#8220; background_position=&#8220;top_left&#8220; background_repeat=&#8220;repeat&#8220; width=&#8220;100%&#8220; custom_padding=&#8220;0px||0px||false|false&#8220;][et_pb_column type=&#8220;4_4&#8243; _builder_version=&#8220;3.25&#8243; custom_padding=&#8220;|||&#8220; custom_padding__hover=&#8220;|||&#8220;][et_pb_wc_breadcrumb _builder_version=&#8220;3.0.47&#8243;][\/et_pb_wc_breadcrumb][et_pb_wc_cart_notice _builder_version=&#8220;3.0.47&#8243;][\/et_pb_wc_cart_notice][\/et_pb_column][\/et_pb_row][et_pb_row column_structure=&#8220;1_2,1_2&#8243; _builder_version=&#8220;3.25&#8243; background_size=&#8220;initial&#8220; background_position=&#8220;top_left&#8220; background_repeat=&#8220;repeat&#8220; width=&#8220;100%&#8220; custom_padding=&#8220;0px||||false|false&#8220;][et_pb_column type=&#8220;1_2&#8243; _builder_version=&#8220;3.25&#8243; custom_padding=&#8220;|||&#8220; custom_padding__hover=&#8220;|||&#8220;][et_pb_wc_images _builder_version=&#8220;3.0.47&#8243;][\/et_pb_wc_images][\/et_pb_column][et_pb_column type=&#8220;1_2&#8243; _builder_version=&#8220;3.25&#8243; custom_padding=&#8220;|||&#8220; custom_padding__hover=&#8220;|||&#8220;][et_pb_wc_title _builder_version=&#8220;3.0.47&#8243;][\/et_pb_wc_title][et_pb_wc_rating _builder_version=&#8220;3.0.47&#8243;][\/et_pb_wc_rating][et_pb_wc_price _builder_version=&#8220;3.0.47&#8243;][\/et_pb_wc_price][et_pb_wc_description _builder_version=&#8220;3.0.47&#8243;][\/et_pb_wc_description][et_pb_wc_add_to_cart _builder_version=&#8220;3.0.47&#8243;][\/et_pb_wc_add_to_cart][et_pb_wc_meta _builder_version=&#8220;3.0.47&#8243;][\/et_pb_wc_meta][\/et_pb_column][\/et_pb_row][et_pb_row _builder_version=&#8220;3.25&#8243; background_size=&#8220;initial&#8220; background_position=&#8220;top_left&#8220; background_repeat=&#8220;repeat&#8220; width=&#8220;100%&#8220;][et_pb_column type=&#8220;4_4&#8243; _builder_version=&#8220;3.25&#8243; custom_padding=&#8220;|||&#8220; custom_padding__hover=&#8220;|||&#8220;][et_pb_wc_tabs _builder_version=&#8220;3.0.47&#8243;]\t\t\t\t\t[\/et_pb_wc_tabs][et_pb_wc_upsells columns_number=&#8220;3&#8243; _builder_version=&#8220;3.0.47&#8243;][\/et_pb_wc_upsells][et_pb_wc_related_products columns_number=&#8220;3&#8243; _builder_version=&#8220;3.0.47&#8243;][\/et_pb_wc_related_products][\/et_pb_column][\/et_pb_row][\/et_pb_section]<\/p>\n","protected":false},"excerpt":{"rendered":"<p>Als Premium Sponsor erhalten Sie VIP Service beim Event und Zugang hinter die Kulissen von Magdeburg in Light. Wir freuen uns auf Sie!<\/p>","protected":false},"featured_media":140,"comment_status":"closed","ping_status":"closed","template":"","meta":{"_et_pb_use_builder":"on","_et_pb_old_content":"Werden Sie der Premium Sponsor f\u00fcr das Magdeburg in Light Beamer Festival. Ihre Unterst\u00fctzung hilft ma\u00dfgeblich bei der Pflege des technischen Equipments und bei der Produktion der Inhalte, die j\u00e4hrlich durch wechselnde internationale K\u00fcnstler umgesetzt werden. Investieren Sie gemeinsam mit uns in die Zukunft unserer sch\u00f6nen Stadt. Bringen Sie gemeinsam mit uns Magdeburg ins Licht!\r\n\r\nAls Dankesch\u00f6n werden Ihr Logo und Ihre Informationen auf unsere Webseite integriert und in den Credits der Beamer Mapping Inhalte bei der Vorf\u00fchrung gezeigt. Sie erhalten Zugang Hinter die Kulissen des Magdeburg in Light Festival.","_et_gb_content_width":""},"product_brand":[],"product_cat":[19],"product_tag":[57,48,51,49,53,55,50,54,52,56,20],"class_list":{"0":"post-326","1":"product","2":"type-product","3":"status-publish","4":"has-post-thumbnail","6":"product_cat-unkategorisiert","7":"product_tag-3d-animation","8":"product_tag-beamer","9":"product_tag-dom","10":"product_tag-event","11":"product_tag-festival","12":"product_tag-lichtshow","13":"product_tag-magdeburg","14":"product_tag-mapping","15":"product_tag-mdinlight","16":"product_tag-projection","17":"product_tag-sponsoring","19":"first","20":"instock","21":"taxable","22":"shipping-taxable","23":"purchasable","24":"product-type-simple"},"yoast_head":"<!-- This site is optimized with the Yoast SEO plugin v27.3 - https:\/\/yoast.com\/product\/yoast-seo-wordpress\/ -->\n<title>Premium Sponsor - Magdeburg in Light<\/title>\n<meta name=\"description\" content=\"Werden Sie Sponsor und Premium Sponsor beim Magdeburg in Light Beamer Festival auf den Magdeburger Dom. Bringen Sie mit uns Magdeburg zum Leuchten.\" \/>\n<meta name=\"robots\" content=\"index, follow, max-snippet:-1, max-image-preview:large, max-video-preview:-1\" \/>\n<link rel=\"canonical\" href=\"https:\/\/magdeburg-in-light.de\/en\/product\/premium-sponsor\/\" \/>\n<meta property=\"og:locale\" content=\"en_US\" \/>\n<meta property=\"og:type\" content=\"article\" \/>\n<meta property=\"og:title\" content=\"Premium Sponsor - Magdeburg in Light\" \/>\n<meta property=\"og:description\" content=\"Werden Sie Sponsor und Premium Sponsor beim Magdeburg in Light Beamer Festival auf den Magdeburger Dom. Bringen Sie mit uns Magdeburg zum Leuchten.\" \/>\n<meta property=\"og:url\" content=\"https:\/\/magdeburg-in-light.de\/en\/product\/premium-sponsor\/\" \/>\n<meta property=\"og:site_name\" content=\"Magdeburg in Light\" \/>\n<meta property=\"article:modified_time\" content=\"2020-08-24T10:13:44+00:00\" \/>\n<meta property=\"og:image\" content=\"https:\/\/magdeburg-in-light.de\/wp-content\/uploads\/2020\/02\/magdeburg-in-light-international.jpg\" \/>\n\t<meta property=\"og:image:width\" content=\"2500\" \/>\n\t<meta property=\"og:image:height\" content=\"1386\" \/>\n\t<meta property=\"og:image:type\" content=\"image\/jpeg\" \/>\n<meta name=\"twitter:card\" content=\"summary_large_image\" \/>\n<meta name=\"twitter:label1\" content=\"Est. reading time\" \/>\n\t<meta name=\"twitter:data1\" content=\"1 minute\" \/>\n<script type=\"application\/ld+json\" class=\"yoast-schema-graph\">{\"@context\":\"https:\\\/\\\/schema.org\",\"@graph\":[{\"@type\":\"WebPage\",\"@id\":\"https:\\\/\\\/magdeburg-in-light.de\\\/en\\\/product\\\/premium-sponsor\\\/\",\"url\":\"https:\\\/\\\/magdeburg-in-light.de\\\/en\\\/product\\\/premium-sponsor\\\/\",\"name\":\"Premium Sponsor - Magdeburg in Light\",\"isPartOf\":{\"@id\":\"http:\\\/\\\/magdeburg-in-light.de\\\/en\\\/#website\"},\"primaryImageOfPage\":{\"@id\":\"https:\\\/\\\/magdeburg-in-light.de\\\/en\\\/product\\\/premium-sponsor\\\/#primaryimage\"},\"image\":{\"@id\":\"https:\\\/\\\/magdeburg-in-light.de\\\/en\\\/product\\\/premium-sponsor\\\/#primaryimage\"},\"thumbnailUrl\":\"https:\\\/\\\/magdeburg-in-light.de\\\/wp-content\\\/uploads\\\/2020\\\/02\\\/magdeburg-in-light-international.jpg\",\"datePublished\":\"2020-07-10T15:49:56+00:00\",\"dateModified\":\"2020-08-24T10:13:44+00:00\",\"description\":\"Werden Sie Sponsor und Premium Sponsor beim Magdeburg in Light Beamer Festival auf den Magdeburger Dom. Bringen Sie mit uns Magdeburg zum Leuchten.\",\"breadcrumb\":{\"@id\":\"https:\\\/\\\/magdeburg-in-light.de\\\/en\\\/product\\\/premium-sponsor\\\/#breadcrumb\"},\"inLanguage\":\"en-US\",\"potentialAction\":[{\"@type\":\"ReadAction\",\"target\":[\"https:\\\/\\\/magdeburg-in-light.de\\\/en\\\/product\\\/premium-sponsor\\\/\"]}]},{\"@type\":\"ImageObject\",\"inLanguage\":\"en-US\",\"@id\":\"https:\\\/\\\/magdeburg-in-light.de\\\/en\\\/product\\\/premium-sponsor\\\/#primaryimage\",\"url\":\"https:\\\/\\\/magdeburg-in-light.de\\\/wp-content\\\/uploads\\\/2020\\\/02\\\/magdeburg-in-light-international.jpg\",\"contentUrl\":\"https:\\\/\\\/magdeburg-in-light.de\\\/wp-content\\\/uploads\\\/2020\\\/02\\\/magdeburg-in-light-international.jpg\",\"width\":2500,\"height\":1386},{\"@type\":\"BreadcrumbList\",\"@id\":\"https:\\\/\\\/magdeburg-in-light.de\\\/en\\\/product\\\/premium-sponsor\\\/#breadcrumb\",\"itemListElement\":[{\"@type\":\"ListItem\",\"position\":1,\"name\":\"Startseite\",\"item\":\"https:\\\/\\\/magdeburg-in-light.de\\\/\"},{\"@type\":\"ListItem\",\"position\":2,\"name\":\"Shop\",\"item\":\"https:\\\/\\\/magdeburg-in-light.de\\\/shop\\\/\"},{\"@type\":\"ListItem\",\"position\":3,\"name\":\"Premium Sponsor\"}]},{\"@type\":\"WebSite\",\"@id\":\"http:\\\/\\\/magdeburg-in-light.de\\\/en\\\/#website\",\"url\":\"http:\\\/\\\/magdeburg-in-light.de\\\/en\\\/\",\"name\":\"Magdeburg in Light\",\"description\":\"BeamExtrem das Video Mapping Event in Magdeburg\",\"potentialAction\":[{\"@type\":\"SearchAction\",\"target\":{\"@type\":\"EntryPoint\",\"urlTemplate\":\"http:\\\/\\\/magdeburg-in-light.de\\\/en\\\/?s={search_term_string}\"},\"query-input\":{\"@type\":\"PropertyValueSpecification\",\"valueRequired\":true,\"valueName\":\"search_term_string\"}}],\"inLanguage\":\"en-US\"}]}<\/script>\n<!-- \/ Yoast SEO plugin. -->","yoast_head_json":{"title":"Premium Sponsor - Magdeburg in Light","description":"Werden Sie Sponsor und Premium Sponsor beim Magdeburg in Light Beamer Festival auf den Magdeburger Dom. Bringen Sie mit uns Magdeburg zum Leuchten.","robots":{"index":"index","follow":"follow","max-snippet":"max-snippet:-1","max-image-preview":"max-image-preview:large","max-video-preview":"max-video-preview:-1"},"canonical":"https:\/\/magdeburg-in-light.de\/en\/product\/premium-sponsor\/","og_locale":"en_US","og_type":"article","og_title":"Premium Sponsor - Magdeburg in Light","og_description":"Werden Sie Sponsor und Premium Sponsor beim Magdeburg in Light Beamer Festival auf den Magdeburger Dom. Bringen Sie mit uns Magdeburg zum Leuchten.","og_url":"https:\/\/magdeburg-in-light.de\/en\/product\/premium-sponsor\/","og_site_name":"Magdeburg in Light","article_modified_time":"2020-08-24T10:13:44+00:00","og_image":[{"width":2500,"height":1386,"url":"https:\/\/magdeburg-in-light.de\/wp-content\/uploads\/2020\/02\/magdeburg-in-light-international.jpg","type":"image\/jpeg"}],"twitter_card":"summary_large_image","twitter_misc":{"Est. reading time":"1 minute"},"schema":{"@context":"https:\/\/schema.org","@graph":[{"@type":"WebPage","@id":"https:\/\/magdeburg-in-light.de\/en\/product\/premium-sponsor\/","url":"https:\/\/magdeburg-in-light.de\/en\/product\/premium-sponsor\/","name":"Premium Sponsor - Magdeburg in Light","isPartOf":{"@id":"http:\/\/magdeburg-in-light.de\/en\/#website"},"primaryImageOfPage":{"@id":"https:\/\/magdeburg-in-light.de\/en\/product\/premium-sponsor\/#primaryimage"},"image":{"@id":"https:\/\/magdeburg-in-light.de\/en\/product\/premium-sponsor\/#primaryimage"},"thumbnailUrl":"https:\/\/magdeburg-in-light.de\/wp-content\/uploads\/2020\/02\/magdeburg-in-light-international.jpg","datePublished":"2020-07-10T15:49:56+00:00","dateModified":"2020-08-24T10:13:44+00:00","description":"Werden Sie Sponsor und Premium Sponsor beim Magdeburg in Light Beamer Festival auf den Magdeburger Dom. Bringen Sie mit uns Magdeburg zum Leuchten.","breadcrumb":{"@id":"https:\/\/magdeburg-in-light.de\/en\/product\/premium-sponsor\/#breadcrumb"},"inLanguage":"en-US","potentialAction":[{"@type":"ReadAction","target":["https:\/\/magdeburg-in-light.de\/en\/product\/premium-sponsor\/"]}]},{"@type":"ImageObject","inLanguage":"en-US","@id":"https:\/\/magdeburg-in-light.de\/en\/product\/premium-sponsor\/#primaryimage","url":"https:\/\/magdeburg-in-light.de\/wp-content\/uploads\/2020\/02\/magdeburg-in-light-international.jpg","contentUrl":"https:\/\/magdeburg-in-light.de\/wp-content\/uploads\/2020\/02\/magdeburg-in-light-international.jpg","width":2500,"height":1386},{"@type":"BreadcrumbList","@id":"https:\/\/magdeburg-in-light.de\/en\/product\/premium-sponsor\/#breadcrumb","itemListElement":[{"@type":"ListItem","position":1,"name":"Startseite","item":"https:\/\/magdeburg-in-light.de\/"},{"@type":"ListItem","position":2,"name":"Shop","item":"https:\/\/magdeburg-in-light.de\/shop\/"},{"@type":"ListItem","position":3,"name":"Premium Sponsor"}]},{"@type":"WebSite","@id":"http:\/\/magdeburg-in-light.de\/en\/#website","url":"http:\/\/magdeburg-in-light.de\/en\/","name":"Magdeburg in Light","description":"BeamExtrem das Video Mapping Event in Magdeburg","potentialAction":[{"@type":"SearchAction","target":{"@type":"EntryPoint","urlTemplate":"http:\/\/magdeburg-in-light.de\/en\/?s={search_term_string}"},"query-input":{"@type":"PropertyValueSpecification","valueRequired":true,"valueName":"search_term_string"}}],"inLanguage":"en-US"}]}},"jetpack_sharing_enabled":true,"_links":{"self":[{"href":"https:\/\/magdeburg-in-light.de\/en\/wp-json\/wp\/v2\/product\/326","targetHints":{"allow":["GET"]}}],"collection":[{"href":"https:\/\/magdeburg-in-light.de\/en\/wp-json\/wp\/v2\/product"}],"about":[{"href":"https:\/\/magdeburg-in-light.de\/en\/wp-json\/wp\/v2\/types\/product"}],"replies":[{"embeddable":true,"href":"https:\/\/magdeburg-in-light.de\/en\/wp-json\/wp\/v2\/comments?post=326"}],"wp:featuredmedia":[{"embeddable":true,"href":"https:\/\/magdeburg-in-light.de\/en\/wp-json\/wp\/v2\/media\/140"}],"wp:attachment":[{"href":"https:\/\/magdeburg-in-light.de\/en\/wp-json\/wp\/v2\/media?parent=326"}],"wp:term":[{"taxonomy":"product_brand","embeddable":true,"href":"https:\/\/magdeburg-in-light.de\/en\/wp-json\/wp\/v2\/product_brand?post=326"},{"taxonomy":"product_cat","embeddable":true,"href":"https:\/\/magdeburg-in-light.de\/en\/wp-json\/wp\/v2\/product_cat?post=326"},{"taxonomy":"product_tag","embeddable":true,"href":"https:\/\/magdeburg-in-light.de\/en\/wp-json\/wp\/v2\/product_tag?post=326"}],"curies":[{"name":"wp","href":"https:\/\/api.w.org\/{rel}","templated":true}]}}